{"id":19434,"date":"2026-02-25T16:05:17","date_gmt":"2026-02-25T15:05:17","guid":{"rendered":"https:\/\/www.nao.bio\/boutique\/oeufs-chocolat-blanc-fourre-praline-pistache-200g\/"},"modified":"2026-02-26T12:34:09","modified_gmt":"2026-02-26T11:34:09","slug":"oeufs-chocolat-blanc-fourre-praline-pistache-200g","status":"publish","type":"product","link":"https:\/\/www.nao.bio\/nl\/producten\/oeufs-chocolat-blanc-fourre-praline-pistache-200g\/","title":{"rendered":"\u0152ufs Chocolat Blanc Fourr\u00e9 pralin\u00e9 pistache 200g"},"content":{"rendered":"","protected":false},"excerpt":{"rendered":"<p>\u0152ufs Chocolat Blanc Fourr\u00e9 pralin\u00e9 pistache Bio<\/p>\n","protected":false},"featured_media":0,"template":"","meta":[],"product_brand":[],"product_cat":[121,127,67],"product_tag":[],"class_list":{"0":"post-19434","1":"product","2":"type-product","3":"status-publish","5":"product_cat-produits-festifs","6":"product_cat-pasen","7":"product_cat-seizoensprodukten","8":"description-off","10":"first","11":"instock","12":"taxable","13":"shipping-taxable","14":"purchasable","15":"product-type-simple"},"yoast_head":"<!-- This site is optimized with the Yoast SEO plugin v27.3 - https:\/\/yoast.com\/product\/yoast-seo-wordpress\/ -->\n<title>\u0152ufs Chocolat Blanc Fourr\u00e9 pralin\u00e9 pistache 200g - Nao<\/title>\n<meta name=\"robots\" content=\"index, follow, max-snippet:-1, max-image-preview:large, max-video-preview:-1\" \/>\n<link rel=\"canonical\" href=\"https:\/\/www.nao.bio\/nl\/producten\/oeufs-chocolat-blanc-fourre-praline-pistache-200g\/\" \/>\n<meta property=\"og:locale\" content=\"nl_NL\" \/>\n<meta property=\"og:type\" content=\"article\" \/>\n<meta property=\"og:title\" content=\"\u0152ufs Chocolat Blanc Fourr\u00e9 pralin\u00e9 pistache 200g - Nao\" \/>\n<meta property=\"og:description\" content=\"\u0152ufs Chocolat Blanc Fourr\u00e9 pralin\u00e9 pistache Bio\" \/>\n<meta property=\"og:url\" content=\"https:\/\/www.nao.bio\/nl\/producten\/oeufs-chocolat-blanc-fourre-praline-pistache-200g\/\" \/>\n<meta property=\"og:site_name\" content=\"Nao\" \/>\n<meta property=\"article:modified_time\" content=\"2026-02-26T11:34:09+00:00\" \/>\n<meta name=\"twitter:card\" content=\"summary_large_image\" \/>\n<script type=\"application\/ld+json\" class=\"yoast-schema-graph\">{\"@context\":\"https:\\\/\\\/schema.org\",\"@graph\":[{\"@type\":\"WebPage\",\"@id\":\"https:\\\/\\\/www.nao.bio\\\/nl\\\/producten\\\/oeufs-chocolat-blanc-fourre-praline-pistache-200g\\\/\",\"url\":\"https:\\\/\\\/www.nao.bio\\\/nl\\\/producten\\\/oeufs-chocolat-blanc-fourre-praline-pistache-200g\\\/\",\"name\":\"\u0152ufs Chocolat Blanc Fourr\u00e9 pralin\u00e9 pistache 200g - Nao\",\"isPartOf\":{\"@id\":\"https:\\\/\\\/www.nao.bio\\\/#website\"},\"datePublished\":\"2026-02-25T15:05:17+00:00\",\"dateModified\":\"2026-02-26T11:34:09+00:00\",\"breadcrumb\":{\"@id\":\"https:\\\/\\\/www.nao.bio\\\/nl\\\/producten\\\/oeufs-chocolat-blanc-fourre-praline-pistache-200g\\\/#breadcrumb\"},\"inLanguage\":\"nl-NL\",\"potentialAction\":[{\"@type\":\"ReadAction\",\"target\":[\"https:\\\/\\\/www.nao.bio\\\/nl\\\/producten\\\/oeufs-chocolat-blanc-fourre-praline-pistache-200g\\\/\"]}]},{\"@type\":\"BreadcrumbList\",\"@id\":\"https:\\\/\\\/www.nao.bio\\\/nl\\\/producten\\\/oeufs-chocolat-blanc-fourre-praline-pistache-200g\\\/#breadcrumb\",\"itemListElement\":[{\"@type\":\"ListItem\",\"position\":1,\"name\":\"Home\",\"item\":\"https:\\\/\\\/www.nao.bio\\\/nl\\\/\"},{\"@type\":\"ListItem\",\"position\":2,\"name\":\"Ambachtelijke bio chocoladeproducent\",\"item\":\"https:\\\/\\\/www.nao.bio\\\/nl\\\/winkel\\\/\"},{\"@type\":\"ListItem\",\"position\":3,\"name\":\"\u0152ufs Chocolat Blanc Fourr\u00e9 pralin\u00e9 pistache 200g\"}]},{\"@type\":\"WebSite\",\"@id\":\"https:\\\/\\\/www.nao.bio\\\/#website\",\"url\":\"https:\\\/\\\/www.nao.bio\\\/\",\"name\":\"Nao\",\"description\":\"Belgian Chocolate certified organic\",\"potentialAction\":[{\"@type\":\"SearchAction\",\"target\":{\"@type\":\"EntryPoint\",\"urlTemplate\":\"https:\\\/\\\/www.nao.bio\\\/?s={search_term_string}\"},\"query-input\":{\"@type\":\"PropertyValueSpecification\",\"valueRequired\":true,\"valueName\":\"search_term_string\"}}],\"inLanguage\":\"nl-NL\"}]}<\/script>\n<!-- \/ Yoast SEO plugin. -->","yoast_head_json":{"title":"\u0152ufs Chocolat Blanc Fourr\u00e9 pralin\u00e9 pistache 200g - Nao","robots":{"index":"index","follow":"follow","max-snippet":"max-snippet:-1","max-image-preview":"max-image-preview:large","max-video-preview":"max-video-preview:-1"},"canonical":"https:\/\/www.nao.bio\/nl\/producten\/oeufs-chocolat-blanc-fourre-praline-pistache-200g\/","og_locale":"nl_NL","og_type":"article","og_title":"\u0152ufs Chocolat Blanc Fourr\u00e9 pralin\u00e9 pistache 200g - Nao","og_description":"\u0152ufs Chocolat Blanc Fourr\u00e9 pralin\u00e9 pistache Bio","og_url":"https:\/\/www.nao.bio\/nl\/producten\/oeufs-chocolat-blanc-fourre-praline-pistache-200g\/","og_site_name":"Nao","article_modified_time":"2026-02-26T11:34:09+00:00","twitter_card":"summary_large_image","schema":{"@context":"https:\/\/schema.org","@graph":[{"@type":"WebPage","@id":"https:\/\/www.nao.bio\/nl\/producten\/oeufs-chocolat-blanc-fourre-praline-pistache-200g\/","url":"https:\/\/www.nao.bio\/nl\/producten\/oeufs-chocolat-blanc-fourre-praline-pistache-200g\/","name":"\u0152ufs Chocolat Blanc Fourr\u00e9 pralin\u00e9 pistache 200g - Nao","isPartOf":{"@id":"https:\/\/www.nao.bio\/#website"},"datePublished":"2026-02-25T15:05:17+00:00","dateModified":"2026-02-26T11:34:09+00:00","breadcrumb":{"@id":"https:\/\/www.nao.bio\/nl\/producten\/oeufs-chocolat-blanc-fourre-praline-pistache-200g\/#breadcrumb"},"inLanguage":"nl-NL","potentialAction":[{"@type":"ReadAction","target":["https:\/\/www.nao.bio\/nl\/producten\/oeufs-chocolat-blanc-fourre-praline-pistache-200g\/"]}]},{"@type":"BreadcrumbList","@id":"https:\/\/www.nao.bio\/nl\/producten\/oeufs-chocolat-blanc-fourre-praline-pistache-200g\/#breadcrumb","itemListElement":[{"@type":"ListItem","position":1,"name":"Home","item":"https:\/\/www.nao.bio\/nl\/"},{"@type":"ListItem","position":2,"name":"Ambachtelijke bio chocoladeproducent","item":"https:\/\/www.nao.bio\/nl\/winkel\/"},{"@type":"ListItem","position":3,"name":"\u0152ufs Chocolat Blanc Fourr\u00e9 pralin\u00e9 pistache 200g"}]},{"@type":"WebSite","@id":"https:\/\/www.nao.bio\/#website","url":"https:\/\/www.nao.bio\/","name":"Nao","description":"Belgian Chocolate certified organic","potentialAction":[{"@type":"SearchAction","target":{"@type":"EntryPoint","urlTemplate":"https:\/\/www.nao.bio\/?s={search_term_string}"},"query-input":{"@type":"PropertyValueSpecification","valueRequired":true,"valueName":"search_term_string"}}],"inLanguage":"nl-NL"}]}},"jetpack_sharing_enabled":true,"_links":{"self":[{"href":"https:\/\/www.nao.bio\/nl\/wp-json\/wp\/v2\/product\/19434","targetHints":{"allow":["GET"]}}],"collection":[{"href":"https:\/\/www.nao.bio\/nl\/wp-json\/wp\/v2\/product"}],"about":[{"href":"https:\/\/www.nao.bio\/nl\/wp-json\/wp\/v2\/types\/product"}],"wp:attachment":[{"href":"https:\/\/www.nao.bio\/nl\/wp-json\/wp\/v2\/media?parent=19434"}],"wp:term":[{"taxonomy":"product_brand","embeddable":true,"href":"https:\/\/www.nao.bio\/nl\/wp-json\/wp\/v2\/product_brand?post=19434"},{"taxonomy":"product_cat","embeddable":true,"href":"https:\/\/www.nao.bio\/nl\/wp-json\/wp\/v2\/product_cat?post=19434"},{"taxonomy":"product_tag","embeddable":true,"href":"https:\/\/www.nao.bio\/nl\/wp-json\/wp\/v2\/product_tag?post=19434"}],"curies":[{"name":"wp","href":"https:\/\/api.w.org\/{rel}","templated":true}]}}