{"id":19430,"date":"2026-02-25T16:05:18","date_gmt":"2026-02-25T15:05:18","guid":{"rendered":"https:\/\/www.nao.bio\/boutique\/oeufs-chocolat-lait-fourres-praline-100g\/"},"modified":"2026-03-16T12:49:53","modified_gmt":"2026-03-16T11:49:53","slug":"oeufs-chocolat-lait-fourres-praline-100g","status":"publish","type":"product","link":"https:\/\/www.nao.bio\/nl\/producten\/oeufs-chocolat-lait-fourres-praline-100g\/","title":{"rendered":"Chocolade eieren Milk gevuld met pralin\u00e9 bio 100g"},"content":{"rendered":"<div class=\"wpb-content-wrapper\"><p>[vc_row][vc_column][vc_column_text css=&#8221;&#8221;]<\/p>\n<h2 style=\"font-size: 25px; line-height: 35px;\">Disponibilit\u00e9<\/h2>\n<p>f\u00e9vrier, mars, avril<\/p>\n<h2 style=\"font-size: 25px; line-height: 35px;\">Caract\u00e9ristiques<\/h2>\n<p><strong>Ingr\u00e9dients<\/strong> : sucre de canne*,NOISETTES*, beurre de cacao*, poudre de LAIT entier*, masse de cacao*, huile de tournesol*, poudre de cacao*, anti-agglom\u00e9rant: f\u00e9cule de pomme de terre*,\u00e9mulsifiant: l\u00e9cithine de SOJA*, carbonate de potassium*(r\u00e9gulateur d\u2019acidit\u00e9)<\/p>\n<p><strong>Allerg\u00e8nes<\/strong> : traces possibles de fruits \u00e0 coque, lait, arachides, soja, s\u00e9sames<\/p>\n<h2 style=\"font-size: 25px; line-height: 35px;\">Valeurs nutritionnelles moyennes<\/h2>\n<table>\n<thead>\n<tr>\n<td><\/td>\n<td>Par 100g<\/td>\n<\/tr>\n<\/thead>\n<tbody>\n<tr>\n<td>\u00c9nergie<\/td>\n<td>2421,95 kJ\/580,20 kcal<\/td>\n<\/tr>\n<tr>\n<td>Graisses<br \/>\nGraisses dont satur\u00e9es<\/td>\n<td>39,47g<br \/>\n15,85g<\/td>\n<\/tr>\n<tr>\n<td>Carbohydrates<br \/>\nCarbohydrates dont les sucres<\/td>\n<td>46,34g<br \/>\n43,08g<\/td>\n<\/tr>\n<tr>\n<td>Prot\u00e9ines<\/td>\n<td>7,42g<\/td>\n<\/tr>\n<tr>\n<td>Sel<\/td>\n<td>0,12g<\/td>\n<\/tr>\n<\/tbody>\n<\/table>\n<p>&nbsp;<\/p>\n<div class=\"btn-align-center\"><a class=\"default-btn-shortcode dt-btn dt-btn-m link-hover-off vc_custom_1664288470529\" title=\"Fiche des allerg\u00e8nes\" href=\"https:\/\/www.nao.bio\/wp-content\/uploads\/2022\/09\/NAO-fiches-allergenes-2023-3.pdf\" target=\"_blank\" rel=\"nofollow noopener\"><i class=\"fas fa-file-pdf\"><\/i>T\u00e9l\u00e9chargez la fiche des allerg\u00e8nes<\/a><\/div>\n<p>[\/vc_column_text][\/vc_column][\/vc_row]<\/p>\n<\/div>","protected":false},"excerpt":{"rendered":"<p>Eieren Chocolade Milk gevuld met organische praline 100 g in composteerbare zak<\/p>\n","protected":false},"featured_media":19436,"template":"","meta":[],"product_brand":[],"product_cat":[121,127,67],"product_tag":[],"class_list":{"0":"post-19430","1":"product","2":"type-product","3":"status-publish","4":"has-post-thumbnail","6":"product_cat-produits-festifs","7":"product_cat-pasen","8":"product_cat-seizoensprodukten","9":"description-off","11":"first","12":"instock","13":"featured","14":"taxable","15":"shipping-taxable","16":"purchasable","17":"product-type-simple"},"yoast_head":"<!-- This site is optimized with the Yoast SEO plugin v27.3 - https:\/\/yoast.com\/product\/yoast-seo-wordpress\/ -->\n<title>Chocolade eieren Milk gevuld met pralin\u00e9 bio 100g - Nao<\/title>\n<meta name=\"robots\" content=\"index, follow, max-snippet:-1, max-image-preview:large, max-video-preview:-1\" \/>\n<link rel=\"canonical\" href=\"https:\/\/www.nao.bio\/nl\/producten\/oeufs-chocolat-lait-fourres-praline-100g\/\" \/>\n<meta property=\"og:locale\" content=\"nl_NL\" \/>\n<meta property=\"og:type\" content=\"article\" \/>\n<meta property=\"og:title\" content=\"Chocolade eieren Milk gevuld met pralin\u00e9 bio 100g - Nao\" \/>\n<meta property=\"og:description\" content=\"Eieren Chocolade Milk gevuld met organische praline 100 g in composteerbare zak\" \/>\n<meta property=\"og:url\" content=\"https:\/\/www.nao.bio\/nl\/producten\/oeufs-chocolat-lait-fourres-praline-100g\/\" \/>\n<meta property=\"og:site_name\" content=\"Nao\" \/>\n<meta property=\"article:modified_time\" content=\"2026-03-16T11:49:53+00:00\" \/>\n<meta property=\"og:image\" content=\"https:\/\/www.nao.bio\/wp-content\/uploads\/2026\/02\/Oeufs-de-Paques-chocolat-lait-fourres-praline-noisette.jpg\" \/>\n\t<meta property=\"og:image:width\" content=\"798\" \/>\n\t<meta property=\"og:image:height\" content=\"1200\" \/>\n\t<meta property=\"og:image:type\" content=\"image\/jpeg\" \/>\n<meta name=\"twitter:card\" content=\"summary_large_image\" \/>\n<meta name=\"twitter:label1\" content=\"Geschatte leestijd\" \/>\n\t<meta name=\"twitter:data1\" content=\"1 minuut\" \/>\n<script type=\"application\/ld+json\" class=\"yoast-schema-graph\">{\"@context\":\"https:\\\/\\\/schema.org\",\"@graph\":[{\"@type\":\"WebPage\",\"@id\":\"https:\\\/\\\/www.nao.bio\\\/nl\\\/producten\\\/oeufs-chocolat-lait-fourres-praline-100g\\\/\",\"url\":\"https:\\\/\\\/www.nao.bio\\\/nl\\\/producten\\\/oeufs-chocolat-lait-fourres-praline-100g\\\/\",\"name\":\"Chocolade eieren Milk gevuld met pralin\u00e9 bio 100g - Nao\",\"isPartOf\":{\"@id\":\"https:\\\/\\\/www.nao.bio\\\/#website\"},\"primaryImageOfPage\":{\"@id\":\"https:\\\/\\\/www.nao.bio\\\/nl\\\/producten\\\/oeufs-chocolat-lait-fourres-praline-100g\\\/#primaryimage\"},\"image\":{\"@id\":\"https:\\\/\\\/www.nao.bio\\\/nl\\\/producten\\\/oeufs-chocolat-lait-fourres-praline-100g\\\/#primaryimage\"},\"thumbnailUrl\":\"https:\\\/\\\/www.nao.bio\\\/wp-content\\\/uploads\\\/2026\\\/02\\\/Oeufs-de-Paques-chocolat-lait-fourres-praline-noisette.jpg\",\"datePublished\":\"2026-02-25T15:05:18+00:00\",\"dateModified\":\"2026-03-16T11:49:53+00:00\",\"breadcrumb\":{\"@id\":\"https:\\\/\\\/www.nao.bio\\\/nl\\\/producten\\\/oeufs-chocolat-lait-fourres-praline-100g\\\/#breadcrumb\"},\"inLanguage\":\"nl-NL\",\"potentialAction\":[{\"@type\":\"ReadAction\",\"target\":[\"https:\\\/\\\/www.nao.bio\\\/nl\\\/producten\\\/oeufs-chocolat-lait-fourres-praline-100g\\\/\"]}]},{\"@type\":\"ImageObject\",\"inLanguage\":\"nl-NL\",\"@id\":\"https:\\\/\\\/www.nao.bio\\\/nl\\\/producten\\\/oeufs-chocolat-lait-fourres-praline-100g\\\/#primaryimage\",\"url\":\"https:\\\/\\\/www.nao.bio\\\/wp-content\\\/uploads\\\/2026\\\/02\\\/Oeufs-de-Paques-chocolat-lait-fourres-praline-noisette.jpg\",\"contentUrl\":\"https:\\\/\\\/www.nao.bio\\\/wp-content\\\/uploads\\\/2026\\\/02\\\/Oeufs-de-Paques-chocolat-lait-fourres-praline-noisette.jpg\",\"width\":798,\"height\":1200},{\"@type\":\"BreadcrumbList\",\"@id\":\"https:\\\/\\\/www.nao.bio\\\/nl\\\/producten\\\/oeufs-chocolat-lait-fourres-praline-100g\\\/#breadcrumb\",\"itemListElement\":[{\"@type\":\"ListItem\",\"position\":1,\"name\":\"Home\",\"item\":\"https:\\\/\\\/www.nao.bio\\\/nl\\\/\"},{\"@type\":\"ListItem\",\"position\":2,\"name\":\"Ambachtelijke bio chocoladeproducent\",\"item\":\"https:\\\/\\\/www.nao.bio\\\/nl\\\/winkel\\\/\"},{\"@type\":\"ListItem\",\"position\":3,\"name\":\"Chocolade eieren Milk gevuld met pralin\u00e9 bio 100g\"}]},{\"@type\":\"WebSite\",\"@id\":\"https:\\\/\\\/www.nao.bio\\\/#website\",\"url\":\"https:\\\/\\\/www.nao.bio\\\/\",\"name\":\"Nao\",\"description\":\"Belgian Chocolate certified organic\",\"potentialAction\":[{\"@type\":\"SearchAction\",\"target\":{\"@type\":\"EntryPoint\",\"urlTemplate\":\"https:\\\/\\\/www.nao.bio\\\/?s={search_term_string}\"},\"query-input\":{\"@type\":\"PropertyValueSpecification\",\"valueRequired\":true,\"valueName\":\"search_term_string\"}}],\"inLanguage\":\"nl-NL\"}]}<\/script>\n<!-- \/ Yoast SEO plugin. -->","yoast_head_json":{"title":"Chocolade eieren Milk gevuld met pralin\u00e9 bio 100g - Nao","robots":{"index":"index","follow":"follow","max-snippet":"max-snippet:-1","max-image-preview":"max-image-preview:large","max-video-preview":"max-video-preview:-1"},"canonical":"https:\/\/www.nao.bio\/nl\/producten\/oeufs-chocolat-lait-fourres-praline-100g\/","og_locale":"nl_NL","og_type":"article","og_title":"Chocolade eieren Milk gevuld met pralin\u00e9 bio 100g - Nao","og_description":"Eieren Chocolade Milk gevuld met organische praline 100 g in composteerbare zak","og_url":"https:\/\/www.nao.bio\/nl\/producten\/oeufs-chocolat-lait-fourres-praline-100g\/","og_site_name":"Nao","article_modified_time":"2026-03-16T11:49:53+00:00","og_image":[{"width":798,"height":1200,"url":"https:\/\/www.nao.bio\/wp-content\/uploads\/2026\/02\/Oeufs-de-Paques-chocolat-lait-fourres-praline-noisette.jpg","type":"image\/jpeg"}],"twitter_card":"summary_large_image","twitter_misc":{"Geschatte leestijd":"1 minuut"},"schema":{"@context":"https:\/\/schema.org","@graph":[{"@type":"WebPage","@id":"https:\/\/www.nao.bio\/nl\/producten\/oeufs-chocolat-lait-fourres-praline-100g\/","url":"https:\/\/www.nao.bio\/nl\/producten\/oeufs-chocolat-lait-fourres-praline-100g\/","name":"Chocolade eieren Milk gevuld met pralin\u00e9 bio 100g - Nao","isPartOf":{"@id":"https:\/\/www.nao.bio\/#website"},"primaryImageOfPage":{"@id":"https:\/\/www.nao.bio\/nl\/producten\/oeufs-chocolat-lait-fourres-praline-100g\/#primaryimage"},"image":{"@id":"https:\/\/www.nao.bio\/nl\/producten\/oeufs-chocolat-lait-fourres-praline-100g\/#primaryimage"},"thumbnailUrl":"https:\/\/www.nao.bio\/wp-content\/uploads\/2026\/02\/Oeufs-de-Paques-chocolat-lait-fourres-praline-noisette.jpg","datePublished":"2026-02-25T15:05:18+00:00","dateModified":"2026-03-16T11:49:53+00:00","breadcrumb":{"@id":"https:\/\/www.nao.bio\/nl\/producten\/oeufs-chocolat-lait-fourres-praline-100g\/#breadcrumb"},"inLanguage":"nl-NL","potentialAction":[{"@type":"ReadAction","target":["https:\/\/www.nao.bio\/nl\/producten\/oeufs-chocolat-lait-fourres-praline-100g\/"]}]},{"@type":"ImageObject","inLanguage":"nl-NL","@id":"https:\/\/www.nao.bio\/nl\/producten\/oeufs-chocolat-lait-fourres-praline-100g\/#primaryimage","url":"https:\/\/www.nao.bio\/wp-content\/uploads\/2026\/02\/Oeufs-de-Paques-chocolat-lait-fourres-praline-noisette.jpg","contentUrl":"https:\/\/www.nao.bio\/wp-content\/uploads\/2026\/02\/Oeufs-de-Paques-chocolat-lait-fourres-praline-noisette.jpg","width":798,"height":1200},{"@type":"BreadcrumbList","@id":"https:\/\/www.nao.bio\/nl\/producten\/oeufs-chocolat-lait-fourres-praline-100g\/#breadcrumb","itemListElement":[{"@type":"ListItem","position":1,"name":"Home","item":"https:\/\/www.nao.bio\/nl\/"},{"@type":"ListItem","position":2,"name":"Ambachtelijke bio chocoladeproducent","item":"https:\/\/www.nao.bio\/nl\/winkel\/"},{"@type":"ListItem","position":3,"name":"Chocolade eieren Milk gevuld met pralin\u00e9 bio 100g"}]},{"@type":"WebSite","@id":"https:\/\/www.nao.bio\/#website","url":"https:\/\/www.nao.bio\/","name":"Nao","description":"Belgian Chocolate certified organic","potentialAction":[{"@type":"SearchAction","target":{"@type":"EntryPoint","urlTemplate":"https:\/\/www.nao.bio\/?s={search_term_string}"},"query-input":{"@type":"PropertyValueSpecification","valueRequired":true,"valueName":"search_term_string"}}],"inLanguage":"nl-NL"}]}},"jetpack_sharing_enabled":true,"_links":{"self":[{"href":"https:\/\/www.nao.bio\/nl\/wp-json\/wp\/v2\/product\/19430","targetHints":{"allow":["GET"]}}],"collection":[{"href":"https:\/\/www.nao.bio\/nl\/wp-json\/wp\/v2\/product"}],"about":[{"href":"https:\/\/www.nao.bio\/nl\/wp-json\/wp\/v2\/types\/product"}],"wp:featuredmedia":[{"embeddable":true,"href":"https:\/\/www.nao.bio\/nl\/wp-json\/wp\/v2\/media\/19436"}],"wp:attachment":[{"href":"https:\/\/www.nao.bio\/nl\/wp-json\/wp\/v2\/media?parent=19430"}],"wp:term":[{"taxonomy":"product_brand","embeddable":true,"href":"https:\/\/www.nao.bio\/nl\/wp-json\/wp\/v2\/product_brand?post=19430"},{"taxonomy":"product_cat","embeddable":true,"href":"https:\/\/www.nao.bio\/nl\/wp-json\/wp\/v2\/product_cat?post=19430"},{"taxonomy":"product_tag","embeddable":true,"href":"https:\/\/www.nao.bio\/nl\/wp-json\/wp\/v2\/product_tag?post=19430"}],"curies":[{"name":"wp","href":"https:\/\/api.w.org\/{rel}","templated":true}]}}