{"id":19429,"date":"2026-02-25T16:05:18","date_gmt":"2026-02-25T15:05:18","guid":{"rendered":"https:\/\/www.nao.bio\/boutique\/oeufs-chocolat-blanc-praline-100g\/"},"modified":"2026-03-16T12:49:53","modified_gmt":"2026-03-16T11:49:53","slug":"oeufs-chocolat-blanc-praline-100g","status":"publish","type":"product","link":"https:\/\/www.nao.bio\/nl\/producten\/oeufs-chocolat-blanc-praline-100g\/","title":{"rendered":"Chocolade eieren Witte gevuld met pralin\u00e9 bio 100g"},"content":{"rendered":"<div class=\"wpb-content-wrapper\"><p>[vc_row][vc_column][vc_column_text css=&#8221;&#8221;]DESCRIPTION PRODUIT : OEUF DE P\u00c2QUES CHOCOLAT BLANC PRALIN\u00c9 BIO<\/p>\n<p>PRODUCTOMSCHRIJVING : PAASEI WITTE CHOCOLADE PRALIN\u00c9 BIO<\/p>\n<p>Poids\/gewicht : 2,5 kg (unit : +- 8g)<\/p>\n<p>Disponibilit\u00e9\/beschikbaarheid : J-F-M-A<\/p>\n<p>Ingr\u00e9dients : sucre de canne*, beurre de cacao*, sucre de bettrave*, masse de cacao*, poudre de <strong>LAIT<\/strong> entier*, vanille*, \u00e9mulsifiant\u00a0: l\u00e9cithine de tournesol et SOJA*,<\/p>\n<p>Ingredienten\u00a0: rietsuiker* cacaoboter*cacaomassa*, volle <strong>MELK<\/strong>poeder*, vanille*, emulgator : zonnebloemlecithine* en <strong>SOJA<\/strong>lecithine*<\/p>\n<p>Allerg\u00e8nes : peut contenir des traces de fruits \u00e0 coque, lait, arachides, soja, s\u00e9same<\/p>\n<p>Allergenen : kan sporen van noten, melk, pinda, soja en sesam bevatten<\/p>\n<p>CHOCOLAO SRL \u2013 Rue Paepsem 125\/1 1070 Bruxelles<\/p>\n<p>&nbsp;<\/p>\n<table>\n<tbody>\n<tr>\n<td colspan=\"2\" width=\"605\">valeurs nutritionnelles moyennes\/gemiddelde voedingswaarden<\/p>\n<p>&nbsp;<\/td>\n<\/tr>\n<tr>\n<td width=\"237\">&nbsp;<\/p>\n<p>&nbsp;<\/p>\n<p>\u00e9nergie\/energie<\/p>\n<p>&nbsp;<\/p>\n<p>mati\u00e8res grasses \/vetten<\/p>\n<p>&nbsp;<\/p>\n<p>dont acides gras satur\u00e9s\/waarvan verzadigde<\/p>\n<p>&nbsp;<\/p>\n<p>glucides\/koolhydraten<\/p>\n<p>&nbsp;<\/p>\n<p>dont sucres\/waarvan suikers<\/p>\n<p>&nbsp;<\/p>\n<p>prot\u00e9ines\/eiwitten<\/p>\n<p>&nbsp;<\/p>\n<p>sel\/zout<\/td>\n<td width=\"368\">Par\/ voor 100g<\/p>\n<p>2448 kJ\/589 kcal<\/p>\n<p>&nbsp;<\/p>\n<p>41.50g<\/p>\n<p>&nbsp;<\/p>\n<p>18.00g<\/p>\n<p>&nbsp;<\/p>\n<p>&nbsp;<\/p>\n<p>42.90g<\/p>\n<p>&nbsp;<\/p>\n<p>41.80g<\/p>\n<p>&nbsp;<\/p>\n<p>8.10g<\/p>\n<p>&nbsp;<\/p>\n<p>0.1\u00a0 g<\/p>\n<p>&nbsp;<\/td>\n<\/tr>\n<\/tbody>\n<\/table>\n<p><em>\u00a0<\/em><\/p>\n<p><em>(*) Tous les produits sont issus de l\u2019agriculture biologique UE et non UE Contr\u00f4le Certisys BE-BIO-01.<\/em><\/p>\n<p><em>(*) Alle ingredi\u00ebnten zijn afkomstig van biologische landbouw EU en niet EU gecontroleerd door Certisys BE-BIO-01.<\/em>[\/vc_column_text][\/vc_column][\/vc_row]<\/p>\n<\/div>","protected":false},"excerpt":{"rendered":"<p>PAASEI WITTE CHOCOLADE PRALIN\u00c9 BIO 100 gr<\/p>\n","protected":false},"featured_media":19449,"template":"","meta":[],"product_brand":[],"product_cat":[121,127,67],"product_tag":[],"class_list":{"0":"post-19429","1":"product","2":"type-product","3":"status-publish","4":"has-post-thumbnail","6":"product_cat-produits-festifs","7":"product_cat-pasen","8":"product_cat-seizoensprodukten","9":"description-off","11":"first","12":"instock","13":"featured","14":"taxable","15":"shipping-taxable","16":"purchasable","17":"product-type-simple"},"yoast_head":"<!-- This site is optimized with the Yoast SEO plugin v27.3 - https:\/\/yoast.com\/product\/yoast-seo-wordpress\/ -->\n<title>Chocolade eieren Witte gevuld met pralin\u00e9 bio 100g - Nao<\/title>\n<meta name=\"robots\" content=\"index, follow, max-snippet:-1, max-image-preview:large, max-video-preview:-1\" \/>\n<link rel=\"canonical\" href=\"https:\/\/www.nao.bio\/nl\/producten\/oeufs-chocolat-blanc-praline-100g\/\" \/>\n<meta property=\"og:locale\" content=\"nl_NL\" \/>\n<meta property=\"og:type\" content=\"article\" \/>\n<meta property=\"og:title\" content=\"Chocolade eieren Witte gevuld met pralin\u00e9 bio 100g - Nao\" \/>\n<meta property=\"og:description\" content=\"PAASEI WITTE CHOCOLADE PRALIN\u00c9 BIO 100 gr\" \/>\n<meta property=\"og:url\" content=\"https:\/\/www.nao.bio\/nl\/producten\/oeufs-chocolat-blanc-praline-100g\/\" \/>\n<meta property=\"og:site_name\" content=\"Nao\" \/>\n<meta property=\"article:modified_time\" content=\"2026-03-16T11:49:53+00:00\" \/>\n<meta property=\"og:image\" content=\"https:\/\/www.nao.bio\/wp-content\/uploads\/2026\/02\/N897-Sachet-Oeufs-Paques-blanc-praline-100-gr.jpg\" \/>\n\t<meta property=\"og:image:width\" content=\"900\" \/>\n\t<meta property=\"og:image:height\" content=\"1200\" \/>\n\t<meta property=\"og:image:type\" content=\"image\/jpeg\" \/>\n<meta name=\"twitter:card\" content=\"summary_large_image\" \/>\n<meta name=\"twitter:label1\" content=\"Geschatte leestijd\" \/>\n\t<meta name=\"twitter:data1\" content=\"1 minuut\" \/>\n<script type=\"application\/ld+json\" class=\"yoast-schema-graph\">{\"@context\":\"https:\\\/\\\/schema.org\",\"@graph\":[{\"@type\":\"WebPage\",\"@id\":\"https:\\\/\\\/www.nao.bio\\\/nl\\\/producten\\\/oeufs-chocolat-blanc-praline-100g\\\/\",\"url\":\"https:\\\/\\\/www.nao.bio\\\/nl\\\/producten\\\/oeufs-chocolat-blanc-praline-100g\\\/\",\"name\":\"Chocolade eieren Witte gevuld met pralin\u00e9 bio 100g - Nao\",\"isPartOf\":{\"@id\":\"https:\\\/\\\/www.nao.bio\\\/#website\"},\"primaryImageOfPage\":{\"@id\":\"https:\\\/\\\/www.nao.bio\\\/nl\\\/producten\\\/oeufs-chocolat-blanc-praline-100g\\\/#primaryimage\"},\"image\":{\"@id\":\"https:\\\/\\\/www.nao.bio\\\/nl\\\/producten\\\/oeufs-chocolat-blanc-praline-100g\\\/#primaryimage\"},\"thumbnailUrl\":\"https:\\\/\\\/www.nao.bio\\\/wp-content\\\/uploads\\\/2026\\\/02\\\/N897-Sachet-Oeufs-Paques-blanc-praline-100-gr.jpg\",\"datePublished\":\"2026-02-25T15:05:18+00:00\",\"dateModified\":\"2026-03-16T11:49:53+00:00\",\"breadcrumb\":{\"@id\":\"https:\\\/\\\/www.nao.bio\\\/nl\\\/producten\\\/oeufs-chocolat-blanc-praline-100g\\\/#breadcrumb\"},\"inLanguage\":\"nl-NL\",\"potentialAction\":[{\"@type\":\"ReadAction\",\"target\":[\"https:\\\/\\\/www.nao.bio\\\/nl\\\/producten\\\/oeufs-chocolat-blanc-praline-100g\\\/\"]}]},{\"@type\":\"ImageObject\",\"inLanguage\":\"nl-NL\",\"@id\":\"https:\\\/\\\/www.nao.bio\\\/nl\\\/producten\\\/oeufs-chocolat-blanc-praline-100g\\\/#primaryimage\",\"url\":\"https:\\\/\\\/www.nao.bio\\\/wp-content\\\/uploads\\\/2026\\\/02\\\/N897-Sachet-Oeufs-Paques-blanc-praline-100-gr.jpg\",\"contentUrl\":\"https:\\\/\\\/www.nao.bio\\\/wp-content\\\/uploads\\\/2026\\\/02\\\/N897-Sachet-Oeufs-Paques-blanc-praline-100-gr.jpg\",\"width\":900,\"height\":1200},{\"@type\":\"BreadcrumbList\",\"@id\":\"https:\\\/\\\/www.nao.bio\\\/nl\\\/producten\\\/oeufs-chocolat-blanc-praline-100g\\\/#breadcrumb\",\"itemListElement\":[{\"@type\":\"ListItem\",\"position\":1,\"name\":\"Home\",\"item\":\"https:\\\/\\\/www.nao.bio\\\/nl\\\/\"},{\"@type\":\"ListItem\",\"position\":2,\"name\":\"Ambachtelijke bio chocoladeproducent\",\"item\":\"https:\\\/\\\/www.nao.bio\\\/nl\\\/winkel\\\/\"},{\"@type\":\"ListItem\",\"position\":3,\"name\":\"Chocolade eieren Witte gevuld met pralin\u00e9 bio 100g\"}]},{\"@type\":\"WebSite\",\"@id\":\"https:\\\/\\\/www.nao.bio\\\/#website\",\"url\":\"https:\\\/\\\/www.nao.bio\\\/\",\"name\":\"Nao\",\"description\":\"Belgian Chocolate certified organic\",\"potentialAction\":[{\"@type\":\"SearchAction\",\"target\":{\"@type\":\"EntryPoint\",\"urlTemplate\":\"https:\\\/\\\/www.nao.bio\\\/?s={search_term_string}\"},\"query-input\":{\"@type\":\"PropertyValueSpecification\",\"valueRequired\":true,\"valueName\":\"search_term_string\"}}],\"inLanguage\":\"nl-NL\"}]}<\/script>\n<!-- \/ Yoast SEO plugin. -->","yoast_head_json":{"title":"Chocolade eieren Witte gevuld met pralin\u00e9 bio 100g - Nao","robots":{"index":"index","follow":"follow","max-snippet":"max-snippet:-1","max-image-preview":"max-image-preview:large","max-video-preview":"max-video-preview:-1"},"canonical":"https:\/\/www.nao.bio\/nl\/producten\/oeufs-chocolat-blanc-praline-100g\/","og_locale":"nl_NL","og_type":"article","og_title":"Chocolade eieren Witte gevuld met pralin\u00e9 bio 100g - Nao","og_description":"PAASEI WITTE CHOCOLADE PRALIN\u00c9 BIO 100 gr","og_url":"https:\/\/www.nao.bio\/nl\/producten\/oeufs-chocolat-blanc-praline-100g\/","og_site_name":"Nao","article_modified_time":"2026-03-16T11:49:53+00:00","og_image":[{"width":900,"height":1200,"url":"https:\/\/www.nao.bio\/wp-content\/uploads\/2026\/02\/N897-Sachet-Oeufs-Paques-blanc-praline-100-gr.jpg","type":"image\/jpeg"}],"twitter_card":"summary_large_image","twitter_misc":{"Geschatte leestijd":"1 minuut"},"schema":{"@context":"https:\/\/schema.org","@graph":[{"@type":"WebPage","@id":"https:\/\/www.nao.bio\/nl\/producten\/oeufs-chocolat-blanc-praline-100g\/","url":"https:\/\/www.nao.bio\/nl\/producten\/oeufs-chocolat-blanc-praline-100g\/","name":"Chocolade eieren Witte gevuld met pralin\u00e9 bio 100g - Nao","isPartOf":{"@id":"https:\/\/www.nao.bio\/#website"},"primaryImageOfPage":{"@id":"https:\/\/www.nao.bio\/nl\/producten\/oeufs-chocolat-blanc-praline-100g\/#primaryimage"},"image":{"@id":"https:\/\/www.nao.bio\/nl\/producten\/oeufs-chocolat-blanc-praline-100g\/#primaryimage"},"thumbnailUrl":"https:\/\/www.nao.bio\/wp-content\/uploads\/2026\/02\/N897-Sachet-Oeufs-Paques-blanc-praline-100-gr.jpg","datePublished":"2026-02-25T15:05:18+00:00","dateModified":"2026-03-16T11:49:53+00:00","breadcrumb":{"@id":"https:\/\/www.nao.bio\/nl\/producten\/oeufs-chocolat-blanc-praline-100g\/#breadcrumb"},"inLanguage":"nl-NL","potentialAction":[{"@type":"ReadAction","target":["https:\/\/www.nao.bio\/nl\/producten\/oeufs-chocolat-blanc-praline-100g\/"]}]},{"@type":"ImageObject","inLanguage":"nl-NL","@id":"https:\/\/www.nao.bio\/nl\/producten\/oeufs-chocolat-blanc-praline-100g\/#primaryimage","url":"https:\/\/www.nao.bio\/wp-content\/uploads\/2026\/02\/N897-Sachet-Oeufs-Paques-blanc-praline-100-gr.jpg","contentUrl":"https:\/\/www.nao.bio\/wp-content\/uploads\/2026\/02\/N897-Sachet-Oeufs-Paques-blanc-praline-100-gr.jpg","width":900,"height":1200},{"@type":"BreadcrumbList","@id":"https:\/\/www.nao.bio\/nl\/producten\/oeufs-chocolat-blanc-praline-100g\/#breadcrumb","itemListElement":[{"@type":"ListItem","position":1,"name":"Home","item":"https:\/\/www.nao.bio\/nl\/"},{"@type":"ListItem","position":2,"name":"Ambachtelijke bio chocoladeproducent","item":"https:\/\/www.nao.bio\/nl\/winkel\/"},{"@type":"ListItem","position":3,"name":"Chocolade eieren Witte gevuld met pralin\u00e9 bio 100g"}]},{"@type":"WebSite","@id":"https:\/\/www.nao.bio\/#website","url":"https:\/\/www.nao.bio\/","name":"Nao","description":"Belgian Chocolate certified organic","potentialAction":[{"@type":"SearchAction","target":{"@type":"EntryPoint","urlTemplate":"https:\/\/www.nao.bio\/?s={search_term_string}"},"query-input":{"@type":"PropertyValueSpecification","valueRequired":true,"valueName":"search_term_string"}}],"inLanguage":"nl-NL"}]}},"jetpack_sharing_enabled":true,"_links":{"self":[{"href":"https:\/\/www.nao.bio\/nl\/wp-json\/wp\/v2\/product\/19429","targetHints":{"allow":["GET"]}}],"collection":[{"href":"https:\/\/www.nao.bio\/nl\/wp-json\/wp\/v2\/product"}],"about":[{"href":"https:\/\/www.nao.bio\/nl\/wp-json\/wp\/v2\/types\/product"}],"wp:featuredmedia":[{"embeddable":true,"href":"https:\/\/www.nao.bio\/nl\/wp-json\/wp\/v2\/media\/19449"}],"wp:attachment":[{"href":"https:\/\/www.nao.bio\/nl\/wp-json\/wp\/v2\/media?parent=19429"}],"wp:term":[{"taxonomy":"product_brand","embeddable":true,"href":"https:\/\/www.nao.bio\/nl\/wp-json\/wp\/v2\/product_brand?post=19429"},{"taxonomy":"product_cat","embeddable":true,"href":"https:\/\/www.nao.bio\/nl\/wp-json\/wp\/v2\/product_cat?post=19429"},{"taxonomy":"product_tag","embeddable":true,"href":"https:\/\/www.nao.bio\/nl\/wp-json\/wp\/v2\/product_tag?post=19429"}],"curies":[{"name":"wp","href":"https:\/\/api.w.org\/{rel}","templated":true}]}}