{"id":19419,"date":"2026-02-25T16:05:18","date_gmt":"2026-02-25T15:05:18","guid":{"rendered":"https:\/\/www.nao.bio\/boutique\/oeufs-chocolat-noir-bio-100-gr\/"},"modified":"2026-03-16T12:49:52","modified_gmt":"2026-03-16T11:49:52","slug":"oeufs-chocolat-noir-bio-100-gr","status":"publish","type":"product","link":"https:\/\/www.nao.bio\/nl\/producten\/oeufs-chocolat-noir-bio-100-gr\/","title":{"rendered":"Puurchocolade eiren100g"},"content":{"rendered":"<div class=\"wpb-content-wrapper\"><p>[vc_row][vc_column][vc_column_text css=&#8221;&#8221;]DESCRIPTION PRODUIT : OEUF DE P\u00c2QUES CHOCOLAT FONDANT BIO<\/p>\n<p>PRODUCTOMSCHRIJVING : PAASEI PURE CHOCOLADE BIO<\/p>\n<p>Poids\/gewicht : 2,5 kg (unit: +- 8g)<\/p>\n<p>Cacao : 71%<\/p>\n<p>Disponibilit\u00e9\/beschikbaarheid : J-F-M-A<\/p>\n<p>Ingr\u00e9dients : masse de cacao*, sucre de canne*, beurre de cacao*, \u00e9mulsifiant (l\u00e9cithine de <strong>SOJA<\/strong>*)<\/p>\n<p>Ingredi\u00ebnten : cacaomassa*, rietsuiker*, cacaoboter*, emulgator (<strong>SOJA<\/strong>lecithine*)<\/p>\n<p>Allerg\u00e8nes : peut contenir des traces de fruits \u00e0 coque, lait, arachides, soja, s\u00e9same<\/p>\n<p>Allergenen : kan sporen van noten, melk, pinda, soja en sesam bevatten<\/p>\n<p>CHOCOLAO SRL \u2013 Rue Paepsem 125\/1 1070 Bruxelles<\/p>\n<p>&nbsp;<\/p>\n<table>\n<tbody>\n<tr>\n<td colspan=\"3\" width=\"605\">valeurs nutritionnelles moyennes\/gemiddelde voedingswaarden<\/td>\n<\/tr>\n<tr>\n<td width=\"237\">&nbsp;<\/p>\n<p>&nbsp;<\/p>\n<p>\u00e9nergie\/energie<\/p>\n<p>&nbsp;<\/p>\n<p>mati\u00e8res grasses \/vetten<\/p>\n<p>&nbsp;<\/p>\n<p>dont acides gras satur\u00e9s\/waarvan verzadigde<\/p>\n<p>&nbsp;<\/p>\n<p>glucides\/koolhydraten<\/p>\n<p>&nbsp;<\/p>\n<p>dont sucres\/waarvan suikers<\/p>\n<p>&nbsp;<\/p>\n<p>prot\u00e9ines\/eiwitten<\/p>\n<p>&nbsp;<\/p>\n<p>sel\/zout<\/td>\n<td width=\"368\">Par\/ voor 100g<\/p>\n<p>&nbsp;<\/p>\n<p>2232.00 kJ\/534.00 kcal<\/p>\n<p>&nbsp;<\/p>\n<p>38.00g<\/p>\n<p>&nbsp;<\/p>\n<p>22.70g<\/p>\n<p>&nbsp;<\/p>\n<p>&nbsp;<\/p>\n<p>30.90g<\/p>\n<p>&nbsp;<\/p>\n<p>26.40g<\/p>\n<p>&nbsp;<\/p>\n<p>9.00g<\/p>\n<p>&nbsp;<\/p>\n<p>0.02g<\/td>\n<td width=\"1\"><\/td>\n<\/tr>\n<\/tbody>\n<\/table>\n<p><em>\u00a0<\/em><\/p>\n<p><em>\u00a0<\/em><\/p>\n<p><em>(*) Tous les produits sont issus de l\u2019agriculture biologique UE et non UE Contr\u00f4le Certisys BE-BIO-01.<\/em><\/p>\n<p><em>(*) Alle ingredi\u00ebnten zijn afkomstig van biologische landbouw EU en niet EU gecontroleerd door Certisys BE-BIO-01.<\/em>[\/vc_column_text][\/vc_column][\/vc_row]<\/p>\n<\/div>","protected":false},"excerpt":{"rendered":"<p>\u0152ufs Chocolat Noir Bio 100 gr en sachet compostable<\/p>\n","protected":false},"featured_media":19417,"template":"","meta":[],"product_brand":[],"product_cat":[121,127,67],"product_tag":[],"class_list":{"0":"post-19419","1":"product","2":"type-product","3":"status-publish","4":"has-post-thumbnail","6":"product_cat-produits-festifs","7":"product_cat-pasen","8":"product_cat-seizoensprodukten","9":"description-off","11":"first","12":"instock","13":"taxable","14":"shipping-taxable","15":"purchasable","16":"product-type-simple"},"yoast_head":"<!-- This site is optimized with the Yoast SEO plugin v27.3 - https:\/\/yoast.com\/product\/yoast-seo-wordpress\/ -->\n<title>Puurchocolade eiren100g - Nao<\/title>\n<meta name=\"robots\" content=\"index, follow, max-snippet:-1, max-image-preview:large, max-video-preview:-1\" \/>\n<link rel=\"canonical\" href=\"https:\/\/www.nao.bio\/nl\/producten\/oeufs-chocolat-noir-bio-100-gr\/\" \/>\n<meta property=\"og:locale\" content=\"nl_NL\" \/>\n<meta property=\"og:type\" content=\"article\" \/>\n<meta property=\"og:title\" content=\"Puurchocolade eiren100g - Nao\" \/>\n<meta property=\"og:description\" content=\"\u0152ufs Chocolat Noir Bio 100 gr en sachet compostable\" \/>\n<meta property=\"og:url\" content=\"https:\/\/www.nao.bio\/nl\/producten\/oeufs-chocolat-noir-bio-100-gr\/\" \/>\n<meta property=\"og:site_name\" content=\"Nao\" \/>\n<meta property=\"article:modified_time\" content=\"2026-03-16T11:49:52+00:00\" \/>\n<meta property=\"og:image\" content=\"https:\/\/www.nao.bio\/wp-content\/uploads\/2026\/02\/Oeufs-de-Paques-chocolat-noir.jpg\" \/>\n\t<meta property=\"og:image:width\" content=\"798\" \/>\n\t<meta property=\"og:image:height\" content=\"1200\" \/>\n\t<meta property=\"og:image:type\" content=\"image\/jpeg\" \/>\n<meta name=\"twitter:card\" content=\"summary_large_image\" \/>\n<meta name=\"twitter:label1\" content=\"Geschatte leestijd\" \/>\n\t<meta name=\"twitter:data1\" content=\"1 minuut\" \/>\n<script type=\"application\/ld+json\" class=\"yoast-schema-graph\">{\"@context\":\"https:\\\/\\\/schema.org\",\"@graph\":[{\"@type\":\"WebPage\",\"@id\":\"https:\\\/\\\/www.nao.bio\\\/nl\\\/producten\\\/oeufs-chocolat-noir-bio-100-gr\\\/\",\"url\":\"https:\\\/\\\/www.nao.bio\\\/nl\\\/producten\\\/oeufs-chocolat-noir-bio-100-gr\\\/\",\"name\":\"Puurchocolade eiren100g - Nao\",\"isPartOf\":{\"@id\":\"https:\\\/\\\/www.nao.bio\\\/#website\"},\"primaryImageOfPage\":{\"@id\":\"https:\\\/\\\/www.nao.bio\\\/nl\\\/producten\\\/oeufs-chocolat-noir-bio-100-gr\\\/#primaryimage\"},\"image\":{\"@id\":\"https:\\\/\\\/www.nao.bio\\\/nl\\\/producten\\\/oeufs-chocolat-noir-bio-100-gr\\\/#primaryimage\"},\"thumbnailUrl\":\"https:\\\/\\\/www.nao.bio\\\/wp-content\\\/uploads\\\/2026\\\/02\\\/Oeufs-de-Paques-chocolat-noir.jpg\",\"datePublished\":\"2026-02-25T15:05:18+00:00\",\"dateModified\":\"2026-03-16T11:49:52+00:00\",\"breadcrumb\":{\"@id\":\"https:\\\/\\\/www.nao.bio\\\/nl\\\/producten\\\/oeufs-chocolat-noir-bio-100-gr\\\/#breadcrumb\"},\"inLanguage\":\"nl-NL\",\"potentialAction\":[{\"@type\":\"ReadAction\",\"target\":[\"https:\\\/\\\/www.nao.bio\\\/nl\\\/producten\\\/oeufs-chocolat-noir-bio-100-gr\\\/\"]}]},{\"@type\":\"ImageObject\",\"inLanguage\":\"nl-NL\",\"@id\":\"https:\\\/\\\/www.nao.bio\\\/nl\\\/producten\\\/oeufs-chocolat-noir-bio-100-gr\\\/#primaryimage\",\"url\":\"https:\\\/\\\/www.nao.bio\\\/wp-content\\\/uploads\\\/2026\\\/02\\\/Oeufs-de-Paques-chocolat-noir.jpg\",\"contentUrl\":\"https:\\\/\\\/www.nao.bio\\\/wp-content\\\/uploads\\\/2026\\\/02\\\/Oeufs-de-Paques-chocolat-noir.jpg\",\"width\":798,\"height\":1200},{\"@type\":\"BreadcrumbList\",\"@id\":\"https:\\\/\\\/www.nao.bio\\\/nl\\\/producten\\\/oeufs-chocolat-noir-bio-100-gr\\\/#breadcrumb\",\"itemListElement\":[{\"@type\":\"ListItem\",\"position\":1,\"name\":\"Home\",\"item\":\"https:\\\/\\\/www.nao.bio\\\/nl\\\/\"},{\"@type\":\"ListItem\",\"position\":2,\"name\":\"Ambachtelijke bio chocoladeproducent\",\"item\":\"https:\\\/\\\/www.nao.bio\\\/nl\\\/winkel\\\/\"},{\"@type\":\"ListItem\",\"position\":3,\"name\":\"Puurchocolade eiren100g\"}]},{\"@type\":\"WebSite\",\"@id\":\"https:\\\/\\\/www.nao.bio\\\/#website\",\"url\":\"https:\\\/\\\/www.nao.bio\\\/\",\"name\":\"Nao\",\"description\":\"Belgian Chocolate certified organic\",\"potentialAction\":[{\"@type\":\"SearchAction\",\"target\":{\"@type\":\"EntryPoint\",\"urlTemplate\":\"https:\\\/\\\/www.nao.bio\\\/?s={search_term_string}\"},\"query-input\":{\"@type\":\"PropertyValueSpecification\",\"valueRequired\":true,\"valueName\":\"search_term_string\"}}],\"inLanguage\":\"nl-NL\"}]}<\/script>\n<!-- \/ Yoast SEO plugin. -->","yoast_head_json":{"title":"Puurchocolade eiren100g - Nao","robots":{"index":"index","follow":"follow","max-snippet":"max-snippet:-1","max-image-preview":"max-image-preview:large","max-video-preview":"max-video-preview:-1"},"canonical":"https:\/\/www.nao.bio\/nl\/producten\/oeufs-chocolat-noir-bio-100-gr\/","og_locale":"nl_NL","og_type":"article","og_title":"Puurchocolade eiren100g - Nao","og_description":"\u0152ufs Chocolat Noir Bio 100 gr en sachet compostable","og_url":"https:\/\/www.nao.bio\/nl\/producten\/oeufs-chocolat-noir-bio-100-gr\/","og_site_name":"Nao","article_modified_time":"2026-03-16T11:49:52+00:00","og_image":[{"width":798,"height":1200,"url":"https:\/\/www.nao.bio\/wp-content\/uploads\/2026\/02\/Oeufs-de-Paques-chocolat-noir.jpg","type":"image\/jpeg"}],"twitter_card":"summary_large_image","twitter_misc":{"Geschatte leestijd":"1 minuut"},"schema":{"@context":"https:\/\/schema.org","@graph":[{"@type":"WebPage","@id":"https:\/\/www.nao.bio\/nl\/producten\/oeufs-chocolat-noir-bio-100-gr\/","url":"https:\/\/www.nao.bio\/nl\/producten\/oeufs-chocolat-noir-bio-100-gr\/","name":"Puurchocolade eiren100g - Nao","isPartOf":{"@id":"https:\/\/www.nao.bio\/#website"},"primaryImageOfPage":{"@id":"https:\/\/www.nao.bio\/nl\/producten\/oeufs-chocolat-noir-bio-100-gr\/#primaryimage"},"image":{"@id":"https:\/\/www.nao.bio\/nl\/producten\/oeufs-chocolat-noir-bio-100-gr\/#primaryimage"},"thumbnailUrl":"https:\/\/www.nao.bio\/wp-content\/uploads\/2026\/02\/Oeufs-de-Paques-chocolat-noir.jpg","datePublished":"2026-02-25T15:05:18+00:00","dateModified":"2026-03-16T11:49:52+00:00","breadcrumb":{"@id":"https:\/\/www.nao.bio\/nl\/producten\/oeufs-chocolat-noir-bio-100-gr\/#breadcrumb"},"inLanguage":"nl-NL","potentialAction":[{"@type":"ReadAction","target":["https:\/\/www.nao.bio\/nl\/producten\/oeufs-chocolat-noir-bio-100-gr\/"]}]},{"@type":"ImageObject","inLanguage":"nl-NL","@id":"https:\/\/www.nao.bio\/nl\/producten\/oeufs-chocolat-noir-bio-100-gr\/#primaryimage","url":"https:\/\/www.nao.bio\/wp-content\/uploads\/2026\/02\/Oeufs-de-Paques-chocolat-noir.jpg","contentUrl":"https:\/\/www.nao.bio\/wp-content\/uploads\/2026\/02\/Oeufs-de-Paques-chocolat-noir.jpg","width":798,"height":1200},{"@type":"BreadcrumbList","@id":"https:\/\/www.nao.bio\/nl\/producten\/oeufs-chocolat-noir-bio-100-gr\/#breadcrumb","itemListElement":[{"@type":"ListItem","position":1,"name":"Home","item":"https:\/\/www.nao.bio\/nl\/"},{"@type":"ListItem","position":2,"name":"Ambachtelijke bio chocoladeproducent","item":"https:\/\/www.nao.bio\/nl\/winkel\/"},{"@type":"ListItem","position":3,"name":"Puurchocolade eiren100g"}]},{"@type":"WebSite","@id":"https:\/\/www.nao.bio\/#website","url":"https:\/\/www.nao.bio\/","name":"Nao","description":"Belgian Chocolate certified organic","potentialAction":[{"@type":"SearchAction","target":{"@type":"EntryPoint","urlTemplate":"https:\/\/www.nao.bio\/?s={search_term_string}"},"query-input":{"@type":"PropertyValueSpecification","valueRequired":true,"valueName":"search_term_string"}}],"inLanguage":"nl-NL"}]}},"jetpack_sharing_enabled":true,"_links":{"self":[{"href":"https:\/\/www.nao.bio\/nl\/wp-json\/wp\/v2\/product\/19419","targetHints":{"allow":["GET"]}}],"collection":[{"href":"https:\/\/www.nao.bio\/nl\/wp-json\/wp\/v2\/product"}],"about":[{"href":"https:\/\/www.nao.bio\/nl\/wp-json\/wp\/v2\/types\/product"}],"wp:featuredmedia":[{"embeddable":true,"href":"https:\/\/www.nao.bio\/nl\/wp-json\/wp\/v2\/media\/19417"}],"wp:attachment":[{"href":"https:\/\/www.nao.bio\/nl\/wp-json\/wp\/v2\/media?parent=19419"}],"wp:term":[{"taxonomy":"product_brand","embeddable":true,"href":"https:\/\/www.nao.bio\/nl\/wp-json\/wp\/v2\/product_brand?post=19419"},{"taxonomy":"product_cat","embeddable":true,"href":"https:\/\/www.nao.bio\/nl\/wp-json\/wp\/v2\/product_cat?post=19419"},{"taxonomy":"product_tag","embeddable":true,"href":"https:\/\/www.nao.bio\/nl\/wp-json\/wp\/v2\/product_tag?post=19419"}],"curies":[{"name":"wp","href":"https:\/\/api.w.org\/{rel}","templated":true}]}}