{"id":18346,"date":"2025-09-25T16:10:47","date_gmt":"2025-09-25T14:10:47","guid":{"rendered":"https:\/\/www.nao.bio\/boutique\/sticks-chocolat-blanc-35-granola-fruits-rouges-bio\/"},"modified":"2026-03-16T12:49:52","modified_gmt":"2026-03-16T11:49:52","slug":"sticks-chocolat-blanc-35-granola-fruits-rouges-bio","status":"publish","type":"product","link":"https:\/\/www.nao.bio\/nl\/producten\/sticks-chocolat-blanc-35-granola-fruits-rouges-bio\/","title":{"rendered":"Witte chocoladesticks 35% Granola Rode vruchten 100g Bio"},"content":{"rendered":"<h2 style=\"font-size: 25px; line-height: 35px;\">Beschikbaarheid<\/h2>\n<h2 style=\"font-size: 25px; line-height: 35px;\"><img loading=\"lazy\" decoding=\"async\" class=\"alignnone size-medium wp-image-18338\" src=\"https:\/\/www.nao.bio\/wp-content\/uploads\/2025\/09\/Capture-decran-2025-10-23-151212-300x44.png\" alt=\"\" width=\"300\" height=\"44\" srcset=\"https:\/\/www.nao.bio\/wp-content\/uploads\/2025\/09\/Capture-decran-2025-10-23-151212-300x44.png 300w, https:\/\/www.nao.bio\/wp-content\/uploads\/2025\/09\/Capture-decran-2025-10-23-151212-768x112.png 768w, https:\/\/www.nao.bio\/wp-content\/uploads\/2025\/09\/Capture-decran-2025-10-23-151212-600x88.png 600w, https:\/\/www.nao.bio\/wp-content\/uploads\/2025\/09\/Capture-decran-2025-10-23-151212.png 793w\" sizes=\"auto, (max-width: 300px) 100vw, 300px\" \/><\/h2>\n<h2 style=\"font-size: 25px; line-height: 35px;\">Kenmerken<\/h2>\n<p><strong>Ingredi\u00ebnten<\/strong> : witte chocolade* (rietsuiker*, cacaoboter*, volle MELKpoeder*, zonnebloemlecithine<br \/>\n*(emulgator), vanille*), boekweit*, zonnebloemolie en -pitten*, agavesiroop*,<br \/>\namandelen*, rode vruchten*, haver* (glutenvrij), zout<\/p>\n<p><strong>Allergenen<\/strong> : kan sporen bevatten van noten, melk, pinda&#8217;s, soja, sesam<\/p>\n<h2 style=\"font-size: 25px; line-height: 35px;\">Gemiddelde voedingswaarden<\/h2>\n<table>\n<thead>\n<tr>\n<td><\/td>\n<td>Par 100g<\/td>\n<\/tr>\n<\/thead>\n<tbody>\n<tr>\n<td>Energie<\/td>\n<td>2363.00 kJ\/568 kcal<\/td>\n<\/tr>\n<tr>\n<td>Vetten<br \/>\nwaarvan verzadigde vetten<\/td>\n<td>37.32g<br \/>\n20.10g<\/td>\n<\/tr>\n<tr>\n<td>Koolhydraten<br \/>\nwaarvan suikers<\/td>\n<td>50.18g<br \/>\n41.64g<\/td>\n<\/tr>\n<tr>\n<td>Eiwitten<\/td>\n<td>6.94g<\/td>\n<\/tr>\n<tr>\n<td>Zout<\/td>\n<td>0,146g<\/td>\n<\/tr>\n<\/tbody>\n<\/table>\n<p>&nbsp;<\/p>\n<p>[vc_widget_sidebar show_bg=&#8221;false&#8221; sidebar_id=&#8221;sidebar_3&#8243;]<\/p>\n<div class=\"btn-align-center\"><a class=\"default-btn-shortcode dt-btn dt-btn-m link-hover-off vc_custom_1664288470529\" title=\"Fiche des allerg\u00e8nes\" href=\"https:\/\/www.nao.bio\/wp-content\/uploads\/2022\/09\/NAO-fiches-allergenes-2023-3.pdf\" target=\"_blank\" rel=\"nofollow noopener\"><i class=\"fas fa-file-pdf\"><\/i>T\u00e9l\u00e9chargez la fiche des allerg\u00e8nes<\/a><\/div>\n","protected":false},"excerpt":{"rendered":"<p>Beschikbaarheid Kenmerken Ingredi\u00ebnten : witte chocolade* (rietsuiker*, cacaoboter*, volle MELKpoeder*, zonnebloemlecithine *(emulgator), vanille*), boekweit*, zonnebloemolie en -pitten*, agavesiroop*, amandelen*, rode vruchten*, haver* (glutenvrij), zout Allergenen : kan sporen bevatten van noten, melk, pinda&#8217;s, soja, sesam Gemiddelde voedingswaarden Par 100g Energie 2363.00 kJ\/568 kcal Vetten waarvan verzadigde vetten 37.32g 20.10g Koolhydraten waarvan suikers 50.18g 41.64g Eiwitten&hellip;<\/p>\n","protected":false},"featured_media":18028,"template":"","meta":[],"product_brand":[],"product_cat":[75,119],"product_tag":[],"class_list":{"0":"post-18346","1":"product","2":"type-product","3":"status-publish","4":"has-post-thumbnail","6":"product_cat-extras","7":"product_cat-nouveautes","8":"description-off","10":"first","11":"instock","12":"taxable","13":"shipping-taxable","14":"purchasable","15":"product-type-simple"},"yoast_head":"<!-- This site is optimized with the Yoast SEO plugin v27.6 - https:\/\/yoast.com\/product\/yoast-seo-wordpress\/ -->\n<title>Witte chocoladesticks 35% Granola Rode vruchten 100g Bio - Nao<\/title>\n<meta name=\"robots\" content=\"index, follow, max-snippet:-1, max-image-preview:large, max-video-preview:-1\" \/>\n<link rel=\"canonical\" href=\"https:\/\/www.nao.bio\/nl\/producten\/sticks-chocolat-blanc-35-granola-fruits-rouges-bio\/\" \/>\n<meta property=\"og:locale\" content=\"nl_NL\" \/>\n<meta property=\"og:type\" content=\"article\" \/>\n<meta property=\"og:title\" content=\"Witte chocoladesticks 35% Granola Rode vruchten 100g Bio - Nao\" \/>\n<meta property=\"og:description\" content=\"Beschikbaarheid Kenmerken Ingredi\u00ebnten : witte chocolade* (rietsuiker*, cacaoboter*, volle MELKpoeder*, zonnebloemlecithine *(emulgator), vanille*), boekweit*, zonnebloemolie en -pitten*, agavesiroop*, amandelen*, rode vruchten*, haver* (glutenvrij), zout Allergenen : kan sporen bevatten van noten, melk, pinda&#8217;s, soja, sesam Gemiddelde voedingswaarden Par 100g Energie 2363.00 kJ\/568 kcal Vetten waarvan verzadigde vetten 37.32g 20.10g Koolhydraten waarvan suikers 50.18g 41.64g Eiwitten&hellip;\" \/>\n<meta property=\"og:url\" content=\"https:\/\/www.nao.bio\/nl\/producten\/sticks-chocolat-blanc-35-granola-fruits-rouges-bio\/\" \/>\n<meta property=\"og:site_name\" content=\"Nao\" \/>\n<meta property=\"article:modified_time\" content=\"2026-03-16T11:49:52+00:00\" \/>\n<meta property=\"og:image\" content=\"https:\/\/www.nao.bio\/wp-content\/uploads\/2025\/09\/N705-Nao-Stick-granola-fruits-rouges-blanc-35-sachet-100-g-vectorisee-1.png\" \/>\n\t<meta property=\"og:image:width\" content=\"797\" \/>\n\t<meta property=\"og:image:height\" content=\"1200\" \/>\n\t<meta property=\"og:image:type\" content=\"image\/png\" \/>\n<meta name=\"twitter:card\" content=\"summary_large_image\" \/>\n<meta name=\"twitter:label1\" content=\"Geschatte leestijd\" \/>\n\t<meta name=\"twitter:data1\" content=\"1 minuut\" \/>\n<script type=\"application\/ld+json\" class=\"yoast-schema-graph\">{\"@context\":\"https:\\\/\\\/schema.org\",\"@graph\":[{\"@type\":\"WebPage\",\"@id\":\"https:\\\/\\\/www.nao.bio\\\/nl\\\/producten\\\/sticks-chocolat-blanc-35-granola-fruits-rouges-bio\\\/\",\"url\":\"https:\\\/\\\/www.nao.bio\\\/nl\\\/producten\\\/sticks-chocolat-blanc-35-granola-fruits-rouges-bio\\\/\",\"name\":\"Witte chocoladesticks 35% Granola Rode vruchten 100g Bio - Nao\",\"isPartOf\":{\"@id\":\"https:\\\/\\\/www.nao.bio\\\/#website\"},\"primaryImageOfPage\":{\"@id\":\"https:\\\/\\\/www.nao.bio\\\/nl\\\/producten\\\/sticks-chocolat-blanc-35-granola-fruits-rouges-bio\\\/#primaryimage\"},\"image\":{\"@id\":\"https:\\\/\\\/www.nao.bio\\\/nl\\\/producten\\\/sticks-chocolat-blanc-35-granola-fruits-rouges-bio\\\/#primaryimage\"},\"thumbnailUrl\":\"https:\\\/\\\/www.nao.bio\\\/wp-content\\\/uploads\\\/2025\\\/09\\\/N705-Nao-Stick-granola-fruits-rouges-blanc-35-sachet-100-g-vectorisee-1.png\",\"datePublished\":\"2025-09-25T14:10:47+00:00\",\"dateModified\":\"2026-03-16T11:49:52+00:00\",\"breadcrumb\":{\"@id\":\"https:\\\/\\\/www.nao.bio\\\/nl\\\/producten\\\/sticks-chocolat-blanc-35-granola-fruits-rouges-bio\\\/#breadcrumb\"},\"inLanguage\":\"nl-NL\",\"potentialAction\":[{\"@type\":\"ReadAction\",\"target\":[\"https:\\\/\\\/www.nao.bio\\\/nl\\\/producten\\\/sticks-chocolat-blanc-35-granola-fruits-rouges-bio\\\/\"]}]},{\"@type\":\"ImageObject\",\"inLanguage\":\"nl-NL\",\"@id\":\"https:\\\/\\\/www.nao.bio\\\/nl\\\/producten\\\/sticks-chocolat-blanc-35-granola-fruits-rouges-bio\\\/#primaryimage\",\"url\":\"https:\\\/\\\/www.nao.bio\\\/wp-content\\\/uploads\\\/2025\\\/09\\\/N705-Nao-Stick-granola-fruits-rouges-blanc-35-sachet-100-g-vectorisee-1.png\",\"contentUrl\":\"https:\\\/\\\/www.nao.bio\\\/wp-content\\\/uploads\\\/2025\\\/09\\\/N705-Nao-Stick-granola-fruits-rouges-blanc-35-sachet-100-g-vectorisee-1.png\",\"width\":797,\"height\":1200},{\"@type\":\"BreadcrumbList\",\"@id\":\"https:\\\/\\\/www.nao.bio\\\/nl\\\/producten\\\/sticks-chocolat-blanc-35-granola-fruits-rouges-bio\\\/#breadcrumb\",\"itemListElement\":[{\"@type\":\"ListItem\",\"position\":1,\"name\":\"Home\",\"item\":\"https:\\\/\\\/www.nao.bio\\\/nl\\\/\"},{\"@type\":\"ListItem\",\"position\":2,\"name\":\"Ambachtelijke bio chocoladeproducent\",\"item\":\"https:\\\/\\\/www.nao.bio\\\/nl\\\/winkel\\\/\"},{\"@type\":\"ListItem\",\"position\":3,\"name\":\"Witte chocoladesticks 35% Granola Rode vruchten 100g Bio\"}]},{\"@type\":\"WebSite\",\"@id\":\"https:\\\/\\\/www.nao.bio\\\/#website\",\"url\":\"https:\\\/\\\/www.nao.bio\\\/\",\"name\":\"Nao\",\"description\":\"Belgian Chocolate certified organic\",\"potentialAction\":[{\"@type\":\"SearchAction\",\"target\":{\"@type\":\"EntryPoint\",\"urlTemplate\":\"https:\\\/\\\/www.nao.bio\\\/?s={search_term_string}\"},\"query-input\":{\"@type\":\"PropertyValueSpecification\",\"valueRequired\":true,\"valueName\":\"search_term_string\"}}],\"inLanguage\":\"nl-NL\"}]}<\/script>\n<!-- \/ Yoast SEO plugin. -->","yoast_head_json":{"title":"Witte chocoladesticks 35% Granola Rode vruchten 100g Bio - Nao","robots":{"index":"index","follow":"follow","max-snippet":"max-snippet:-1","max-image-preview":"max-image-preview:large","max-video-preview":"max-video-preview:-1"},"canonical":"https:\/\/www.nao.bio\/nl\/producten\/sticks-chocolat-blanc-35-granola-fruits-rouges-bio\/","og_locale":"nl_NL","og_type":"article","og_title":"Witte chocoladesticks 35% Granola Rode vruchten 100g Bio - Nao","og_description":"Beschikbaarheid Kenmerken Ingredi\u00ebnten : witte chocolade* (rietsuiker*, cacaoboter*, volle MELKpoeder*, zonnebloemlecithine *(emulgator), vanille*), boekweit*, zonnebloemolie en -pitten*, agavesiroop*, amandelen*, rode vruchten*, haver* (glutenvrij), zout Allergenen : kan sporen bevatten van noten, melk, pinda&#8217;s, soja, sesam Gemiddelde voedingswaarden Par 100g Energie 2363.00 kJ\/568 kcal Vetten waarvan verzadigde vetten 37.32g 20.10g Koolhydraten waarvan suikers 50.18g 41.64g Eiwitten&hellip;","og_url":"https:\/\/www.nao.bio\/nl\/producten\/sticks-chocolat-blanc-35-granola-fruits-rouges-bio\/","og_site_name":"Nao","article_modified_time":"2026-03-16T11:49:52+00:00","og_image":[{"width":797,"height":1200,"url":"https:\/\/www.nao.bio\/wp-content\/uploads\/2025\/09\/N705-Nao-Stick-granola-fruits-rouges-blanc-35-sachet-100-g-vectorisee-1.png","type":"image\/png"}],"twitter_card":"summary_large_image","twitter_misc":{"Geschatte leestijd":"1 minuut"},"schema":{"@context":"https:\/\/schema.org","@graph":[{"@type":"WebPage","@id":"https:\/\/www.nao.bio\/nl\/producten\/sticks-chocolat-blanc-35-granola-fruits-rouges-bio\/","url":"https:\/\/www.nao.bio\/nl\/producten\/sticks-chocolat-blanc-35-granola-fruits-rouges-bio\/","name":"Witte chocoladesticks 35% Granola Rode vruchten 100g Bio - Nao","isPartOf":{"@id":"https:\/\/www.nao.bio\/#website"},"primaryImageOfPage":{"@id":"https:\/\/www.nao.bio\/nl\/producten\/sticks-chocolat-blanc-35-granola-fruits-rouges-bio\/#primaryimage"},"image":{"@id":"https:\/\/www.nao.bio\/nl\/producten\/sticks-chocolat-blanc-35-granola-fruits-rouges-bio\/#primaryimage"},"thumbnailUrl":"https:\/\/www.nao.bio\/wp-content\/uploads\/2025\/09\/N705-Nao-Stick-granola-fruits-rouges-blanc-35-sachet-100-g-vectorisee-1.png","datePublished":"2025-09-25T14:10:47+00:00","dateModified":"2026-03-16T11:49:52+00:00","breadcrumb":{"@id":"https:\/\/www.nao.bio\/nl\/producten\/sticks-chocolat-blanc-35-granola-fruits-rouges-bio\/#breadcrumb"},"inLanguage":"nl-NL","potentialAction":[{"@type":"ReadAction","target":["https:\/\/www.nao.bio\/nl\/producten\/sticks-chocolat-blanc-35-granola-fruits-rouges-bio\/"]}]},{"@type":"ImageObject","inLanguage":"nl-NL","@id":"https:\/\/www.nao.bio\/nl\/producten\/sticks-chocolat-blanc-35-granola-fruits-rouges-bio\/#primaryimage","url":"https:\/\/www.nao.bio\/wp-content\/uploads\/2025\/09\/N705-Nao-Stick-granola-fruits-rouges-blanc-35-sachet-100-g-vectorisee-1.png","contentUrl":"https:\/\/www.nao.bio\/wp-content\/uploads\/2025\/09\/N705-Nao-Stick-granola-fruits-rouges-blanc-35-sachet-100-g-vectorisee-1.png","width":797,"height":1200},{"@type":"BreadcrumbList","@id":"https:\/\/www.nao.bio\/nl\/producten\/sticks-chocolat-blanc-35-granola-fruits-rouges-bio\/#breadcrumb","itemListElement":[{"@type":"ListItem","position":1,"name":"Home","item":"https:\/\/www.nao.bio\/nl\/"},{"@type":"ListItem","position":2,"name":"Ambachtelijke bio chocoladeproducent","item":"https:\/\/www.nao.bio\/nl\/winkel\/"},{"@type":"ListItem","position":3,"name":"Witte chocoladesticks 35% Granola Rode vruchten 100g Bio"}]},{"@type":"WebSite","@id":"https:\/\/www.nao.bio\/#website","url":"https:\/\/www.nao.bio\/","name":"Nao","description":"Belgian Chocolate certified organic","potentialAction":[{"@type":"SearchAction","target":{"@type":"EntryPoint","urlTemplate":"https:\/\/www.nao.bio\/?s={search_term_string}"},"query-input":{"@type":"PropertyValueSpecification","valueRequired":true,"valueName":"search_term_string"}}],"inLanguage":"nl-NL"}]}},"jetpack_sharing_enabled":true,"_links":{"self":[{"href":"https:\/\/www.nao.bio\/nl\/wp-json\/wp\/v2\/product\/18346","targetHints":{"allow":["GET"]}}],"collection":[{"href":"https:\/\/www.nao.bio\/nl\/wp-json\/wp\/v2\/product"}],"about":[{"href":"https:\/\/www.nao.bio\/nl\/wp-json\/wp\/v2\/types\/product"}],"wp:featuredmedia":[{"embeddable":true,"href":"https:\/\/www.nao.bio\/nl\/wp-json\/wp\/v2\/media\/18028"}],"wp:attachment":[{"href":"https:\/\/www.nao.bio\/nl\/wp-json\/wp\/v2\/media?parent=18346"}],"wp:term":[{"taxonomy":"product_brand","embeddable":true,"href":"https:\/\/www.nao.bio\/nl\/wp-json\/wp\/v2\/product_brand?post=18346"},{"taxonomy":"product_cat","embeddable":true,"href":"https:\/\/www.nao.bio\/nl\/wp-json\/wp\/v2\/product_cat?post=18346"},{"taxonomy":"product_tag","embeddable":true,"href":"https:\/\/www.nao.bio\/nl\/wp-json\/wp\/v2\/product_tag?post=18346"}],"curies":[{"name":"wp","href":"https:\/\/api.w.org\/{rel}","templated":true}]}}