{"id":7996,"date":"2022-02-17T09:10:01","date_gmt":"2022-02-17T08:10:01","guid":{"rendered":"https:\/\/nao.poush-dev.be\/bio-chocolade-van-nao\/valeurs\/"},"modified":"2024-03-28T12:11:02","modified_gmt":"2024-03-28T11:11:02","slug":"waarden-en-verbintenissen","status":"publish","type":"page","link":"https:\/\/www.nao.bio\/nl\/over-ons\/waarden-en-verbintenissen\/","title":{"rendered":"Onze waarden en verbintenissen"},"content":{"rendered":"<div class=\"wpb-content-wrapper\"><p>[vc_row full_width=&#8221;stretch_row&#8221; content_placement=&#8221;middle&#8221; bg_type=&#8221;image&#8221; parallax_style=&#8221;vcpb-default&#8221; bg_image_new=&#8221;id^7728|url^https:\/\/www.nao.bio\/wp-content\/uploads\/2022\/02\/chocolat-2.jpg|caption^null|alt^null|title^chocolat-2|description^null&#8221; bg_image_repeat=&#8221;no-repeat&#8221; bg_override=&#8221;ex-full&#8221; enable_overlay=&#8221;enable_overlay_value&#8221; overlay_color=&#8221;rgba(0,0,0,0.01)&#8221; el_class=&#8221;custom-shape-bottom custom-main&#8221; css=&#8221;.vc_custom_1648022906606{padding-top: 50vh !important;}&#8221;][vc_column css=&#8221;.vc_custom_1644853216103{padding-top: 70px !important;}&#8221;][vc_column_text el_class=&#8221;custom-zindex&#8221; css=&#8221;.vc_custom_1648026492654{margin-bottom: 0px !important;}&#8221;]<\/p>\n<h1 style=\"text-align: center;\">Waarden<\/h1>\n<p>[\/vc_column_text][\/vc_column][\/vc_row][vc_row full_width=&#8221;stretch_row_content&#8221; gap=&#8221;30&#8243; equal_height=&#8221;yes&#8221; css=&#8221;.vc_custom_1645109261002{padding-right: 40px !important;padding-bottom: 50px !important;padding-left: 40px !important;}&#8221; el_class=&#8221;custom-overflow&#8221;][vc_column width=&#8221;1\/2&#8243; offset=&#8221;vc_col-lg-3 vc_col-md-3&#8243;][vc_single_image image=&#8221;7500&#8243; img_size=&#8221;80&#215;80&#8243; alignment=&#8221;center&#8221; css_animation=&#8221;fadeIn&#8221; css=&#8221;.vc_custom_1645109042517{margin-bottom: 15px !important;}&#8221;][vc_column_text]<\/p>\n<h3 style=\"text-align: center;\">Bulk<\/h3>\n<p style=\"text-align: center;\">Omdat we ook in de toekomst nog willen kunnen genieten, denken we bij Nao aan de natuur en bieden we onze verrukkelijke bio-chocolade in bulk aan. We streven ernaar om de hoeveelheid afval tot nul te herleiden.<\/p>\n<p>[\/vc_column_text]<style type=\"text\/css\" data-type=\"the7_shortcodes-inline-css\">#default-btn-4c441cfd15f9c0806b6ea679284ed359.ico-right-side > i {\n  margin-right: 0px;\n  margin-left: 8px;\n}\n#default-btn-4c441cfd15f9c0806b6ea679284ed359 > i {\n  margin-right: 8px;\n}<\/style><div class=\"btn-align-center\"><a href=\"https:\/\/www.nao.bio\/nl\/chocolade-verkocht-in-bulk\/\" class=\"default-btn-shortcode dt-btn dt-btn-s link-hover-off \" id=\"default-btn-4c441cfd15f9c0806b6ea679284ed359\" title=\"Chocolade verkocht in bulk\"><span>Lees meer<\/span><\/a><\/div>[\/vc_column][vc_column width=&#8221;1\/2&#8243; offset=&#8221;vc_col-lg-3 vc_col-md-3&#8243;][vc_single_image image=&#8221;7500&#8243; img_size=&#8221;80&#215;80&#8243; alignment=&#8221;center&#8221; css_animation=&#8221;fadeIn&#8221; css=&#8221;.vc_custom_1645109042517{margin-bottom: 15px !important;}&#8221;][vc_column_text]<\/p>\n<h3 style=\"text-align: center;\">Nabijheid<\/h3>\n<p style=\"text-align: center;\">Een op en top Belgische productie, een hartelijk onthaal en een sterke vertrouwensband: dat zijn de sleutelbegrippen bij Nao.<\/p>\n<p>[\/vc_column_text]<style type=\"text\/css\" data-type=\"the7_shortcodes-inline-css\">#default-btn-b4cdf4a540f21c6aa84c2583492e1cdc.ico-right-side > i {\n  margin-right: 0px;\n  margin-left: 8px;\n}\n#default-btn-b4cdf4a540f21c6aa84c2583492e1cdc > i {\n  margin-right: 8px;\n}<\/style><div class=\"btn-align-center\"><a href=\"https:\/\/www.nao.bio\/comment-sourcer-notre-chocolat\/\" class=\"default-btn-shortcode dt-btn dt-btn-s link-hover-off \" id=\"default-btn-b4cdf4a540f21c6aa84c2583492e1cdc\" title=\"Comment sourcer notre chocolat\"><span>Lees meer<\/span><\/a><\/div>[\/vc_column][vc_column width=&#8221;1\/2&#8243; offset=&#8221;vc_col-lg-3 vc_col-md-3&#8243;][vc_single_image image=&#8221;7554&#8243; img_size=&#8221;80&#215;80&#8243; alignment=&#8221;center&#8221; css_animation=&#8221;fadeIn&#8221; css=&#8221;.vc_custom_1645109753376{margin-bottom: 15px !important;}&#8221;][vc_column_text]<\/p>\n<h3 style=\"text-align: center;\">Authentieke smaak<\/h3>\n<p style=\"text-align: center;\">Ons assortiment eenvoudige en verrukkelijke producten wordt op ambachtelijke wijze vervaardigd in onze Belgische werkplaatsen. Nao, dat is ook een gewoon heel lekkere chocolade.<\/p>\n<p>[\/vc_column_text]<style type=\"text\/css\" data-type=\"the7_shortcodes-inline-css\">#default-btn-0061d229dcef9943b702af41b17af9f6.ico-right-side > i {\n  margin-right: 0px;\n  margin-left: 8px;\n}\n#default-btn-0061d229dcef9943b702af41b17af9f6 > i {\n  margin-right: 8px;\n}<\/style><div class=\"btn-align-center\"><a href=\"https:\/\/www.nao.bio\/nl\/de-smaak-van-nao\/\" class=\"default-btn-shortcode dt-btn dt-btn-s link-hover-off \" id=\"default-btn-0061d229dcef9943b702af41b17af9f6\" title=\"De smaak van Nao\"><span>Lees meer<\/span><\/a><\/div>[\/vc_column][vc_column width=&#8221;1\/2&#8243; offset=&#8221;vc_col-lg-3 vc_col-md-3&#8243;][vc_single_image image=&#8221;7500&#8243; img_size=&#8221;80&#215;80&#8243; alignment=&#8221;center&#8221; css_animation=&#8221;fadeIn&#8221; css=&#8221;.vc_custom_1645109042517{margin-bottom: 15px !important;}&#8221;][vc_column_text]<\/p>\n<h3 style=\"text-align: center;\">Transparantie<\/h3>\n<p style=\"text-align: center;\">We streven ernaar om u gemakkelijk toegang te verschaffen tot alle informatie die u nodig hebt om het Nao product te begrijpen. Wij beantwoorden ook met plezier al uw vragen.<\/p>\n<p>[\/vc_column_text]<style type=\"text\/css\" data-type=\"the7_shortcodes-inline-css\">#default-btn-78de6b11dcbd2f962d06fb620362a51e.ico-right-side > i {\n  margin-right: 0px;\n  margin-left: 8px;\n}\n#default-btn-78de6b11dcbd2f962d06fb620362a51e > i {\n  margin-right: 8px;\n}<\/style><div class=\"btn-align-center\"><a href=\"https:\/\/www.nao.bio\/nl\/contact\/\" class=\"default-btn-shortcode dt-btn dt-btn-s link-hover-off \" id=\"default-btn-78de6b11dcbd2f962d06fb620362a51e\" title=\"Contact\"><span>Contacteer ons<\/span><\/a><\/div>[\/vc_column][\/vc_row][vc_row][vc_column offset=&#8221;vc_col-lg-offset-2 vc_col-lg-8&#8243;][vc_column_text el_class=&#8221;custom-zindex&#8221;]<\/p>\n<h1 style=\"text-align: center;\"><strong>Onze verbintenissen<\/strong><\/h1>\n<p>[\/vc_column_text][vc_column_text]<\/p>\n<p style=\"text-align: center;\">Wij hebben slechts \u00e9\u00e9n ambitie: ons eenvoudigweg de vraag stellen: hoe kunnen wij &#8220;hier&#8221; en nu, op onze schaal, handelen?<\/p>\n<p style=\"text-align: center;\">In de toekomst willen wij ons blijven inzetten voor directe acties en willen wij rechtstreeks en concreet deelnemen aan de economische en maatschappelijke ontwikkeling van onze productiegebieden. Daarom verbinden wij ons ertoe:<\/p>\n<p>[\/vc_column_text][\/vc_column][\/vc_row][vc_row full_width=&#8221;stretch_row_content&#8221; gap=&#8221;30&#8243; equal_height=&#8221;yes&#8221; css=&#8221;.vc_custom_1645109261002{padding-right: 40px !important;padding-bottom: 50px !important;padding-left: 40px !important;}&#8221; el_class=&#8221;custom-overflow&#8221;][vc_column width=&#8221;1\/2&#8243; offset=&#8221;vc_col-lg-4 vc_col-md-4&#8243;][vc_single_image image=&#8221;7399&#8243; img_size=&#8221;80&#215;80&#8243; alignment=&#8221;center&#8221; css_animation=&#8221;fadeIn&#8221; css=&#8221;.vc_custom_1645109468178{margin-bottom: 15px !important;}&#8221;][vc_column_text]<\/p>\n<h3 style=\"text-align: center;\">Een billijke prijs<\/h3>\n<p style=\"text-align: center;\">Een <strong>eerlijke prijs<\/strong> te bieden aan alle actoren in de productieketen<\/p>\n<p>[\/vc_column_text][\/vc_column][vc_column width=&#8221;1\/2&#8243; offset=&#8221;vc_col-lg-4 vc_col-md-4&#8243;][vc_single_image image=&#8221;7551&#8243; img_size=&#8221;80&#215;80&#8243; alignment=&#8221;center&#8221; css_animation=&#8221;fadeIn&#8221; css=&#8221;.vc_custom_1645109537633{margin-bottom: 15px !important;}&#8221;][vc_column_text]<\/p>\n<h3 style=\"text-align: center;\">Direct productieketen<\/h3>\n<p style=\"text-align: center;\">Vandaag de dag is onze chocolade afkomstig van onze 100% gecontroleerde productieketen, in samenwerking met co\u00f6peraties die zich bezighouden met agrobosbouw.<\/p>\n<p>[\/vc_column_text][\/vc_column][vc_column width=&#8221;1\/2&#8243; offset=&#8221;vc_col-lg-4 vc_col-md-4&#8243;][vc_single_image image=&#8221;7554&#8243; img_size=&#8221;80&#215;80&#8243; alignment=&#8221;center&#8221; css_animation=&#8221;fadeIn&#8221; css=&#8221;.vc_custom_1645109550103{margin-bottom: 15px !important;}&#8221;][vc_column_text]<\/p>\n<h3 style=\"text-align: center;\">Biologische certificering<\/h3>\n<p style=\"text-align: center;\">Al onze grondstoffen en eindproducten zijn 100% gecertificeerd biologisch.<\/p>\n<p>[\/vc_column_text][\/vc_column][\/vc_row]<\/p>\n<\/div>","protected":false},"excerpt":{"rendered":"<p>[vc_row full_width=&#8221;stretch_row&#8221; content_placement=&#8221;middle&#8221; bg_type=&#8221;image&#8221; parallax_style=&#8221;vcpb-default&#8221; bg_image_new=&#8221;id^7728|url^https:\/\/www.nao.bio\/wp-content\/uploads\/2022\/02\/chocolat-2.jpg|caption^null|alt^null|title^chocolat-2|description^null&#8221; bg_image_repeat=&#8221;no-repeat&#8221; bg_override=&#8221;ex-full&#8221; enable_overlay=&#8221;enable_overlay_value&#8221; overlay_color=&#8221;rgba(0,0,0,0.01)&#8221; el_class=&#8221;custom-shape-bottom custom-main&#8221; css=&#8221;.vc_custom_1648022906606{padding-top: 50vh !important;}&#8221;][vc_column css=&#8221;.vc_custom_1644853216103{padding-top: 70px !important;}&#8221;][vc_column_text el_class=&#8221;custom-zindex&#8221; css=&#8221;.vc_custom_1648026492654{margin-bottom: 0px !important;}&#8221;] Waarden [\/vc_column_text][\/vc_column][\/vc_row][vc_row full_width=&#8221;stretch_row_content&#8221; gap=&#8221;30&#8243; equal_height=&#8221;yes&#8221; css=&#8221;.vc_custom_1645109261002{padding-right: 40px !important;padding-bottom: 50px !important;padding-left: 40px !important;}&#8221; el_class=&#8221;custom-overflow&#8221;][vc_column width=&#8221;1\/2&#8243; offset=&#8221;vc_col-lg-3 vc_col-md-3&#8243;][vc_single_image image=&#8221;7500&#8243; img_size=&#8221;80&#215;80&#8243; alignment=&#8221;center&#8221; css_animation=&#8221;fadeIn&#8221; css=&#8221;.vc_custom_1645109042517{margin-bottom: 15px !important;}&#8221;][vc_column_text] Bulk Omdat we ook in de toekomst nog willen kunnen&hellip;<\/p>\n","protected":false},"author":2,"featured_media":0,"parent":771,"menu_order":0,"comment_status":"closed","ping_status":"closed","template":"","meta":{"footnotes":""},"class_list":["post-7996","page","type-page","status-publish","hentry","description-off"],"yoast_head":"<!-- This site is optimized with the Yoast SEO plugin v27.3 - https:\/\/yoast.com\/product\/yoast-seo-wordpress\/ -->\n<title>Nao - Onze waarden en verbintenissen - Que faisons-nous?<\/title>\n<meta name=\"description\" content=\"D\u00e9couvrez les divers projets et engagements en termes de responsabilit\u00e9 soci\u00e9tale dans lesquels Nao s&#039;inscrit.\" \/>\n<meta name=\"robots\" content=\"index, follow, max-snippet:-1, max-image-preview:large, max-video-preview:-1\" \/>\n<link rel=\"canonical\" href=\"https:\/\/www.nao.bio\/nl\/over-ons\/waarden-en-verbintenissen\/\" \/>\n<meta property=\"og:locale\" content=\"nl_NL\" \/>\n<meta property=\"og:type\" content=\"article\" \/>\n<meta property=\"og:title\" content=\"Nao - Onze waarden en verbintenissen - Que faisons-nous?\" \/>\n<meta property=\"og:description\" content=\"D\u00e9couvrez les divers projets et engagements en termes de responsabilit\u00e9 soci\u00e9tale dans lesquels Nao s&#039;inscrit.\" \/>\n<meta property=\"og:url\" content=\"https:\/\/www.nao.bio\/nl\/over-ons\/waarden-en-verbintenissen\/\" \/>\n<meta property=\"og:site_name\" content=\"Nao\" \/>\n<meta property=\"article:modified_time\" content=\"2024-03-28T11:11:02+00:00\" \/>\n<meta name=\"twitter:card\" content=\"summary_large_image\" \/>\n<meta name=\"twitter:label1\" content=\"Geschatte leestijd\" \/>\n\t<meta name=\"twitter:data1\" content=\"4 minuten\" \/>\n<script type=\"application\/ld+json\" class=\"yoast-schema-graph\">{\"@context\":\"https:\\\/\\\/schema.org\",\"@graph\":[{\"@type\":\"WebPage\",\"@id\":\"https:\\\/\\\/www.nao.bio\\\/nl\\\/over-ons\\\/waarden-en-verbintenissen\\\/\",\"url\":\"https:\\\/\\\/www.nao.bio\\\/nl\\\/over-ons\\\/waarden-en-verbintenissen\\\/\",\"name\":\"Nao - Onze waarden en verbintenissen - Que faisons-nous?\",\"isPartOf\":{\"@id\":\"https:\\\/\\\/www.nao.bio\\\/#website\"},\"datePublished\":\"2022-02-17T08:10:01+00:00\",\"dateModified\":\"2024-03-28T11:11:02+00:00\",\"description\":\"D\u00e9couvrez les divers projets et engagements en termes de responsabilit\u00e9 soci\u00e9tale dans lesquels Nao s'inscrit.\",\"breadcrumb\":{\"@id\":\"https:\\\/\\\/www.nao.bio\\\/nl\\\/over-ons\\\/waarden-en-verbintenissen\\\/#breadcrumb\"},\"inLanguage\":\"nl-NL\",\"potentialAction\":[{\"@type\":\"ReadAction\",\"target\":[\"https:\\\/\\\/www.nao.bio\\\/nl\\\/over-ons\\\/waarden-en-verbintenissen\\\/\"]}]},{\"@type\":\"BreadcrumbList\",\"@id\":\"https:\\\/\\\/www.nao.bio\\\/nl\\\/over-ons\\\/waarden-en-verbintenissen\\\/#breadcrumb\",\"itemListElement\":[{\"@type\":\"ListItem\",\"position\":1,\"name\":\"Home\",\"item\":\"https:\\\/\\\/www.nao.bio\\\/nl\\\/\"},{\"@type\":\"ListItem\",\"position\":2,\"name\":\"Over ons\",\"item\":\"https:\\\/\\\/www.nao.bio\\\/nl\\\/over-ons\\\/\"},{\"@type\":\"ListItem\",\"position\":3,\"name\":\"Onze waarden en verbintenissen\"}]},{\"@type\":\"WebSite\",\"@id\":\"https:\\\/\\\/www.nao.bio\\\/#website\",\"url\":\"https:\\\/\\\/www.nao.bio\\\/\",\"name\":\"Nao\",\"description\":\"Belgian Chocolate certified organic\",\"potentialAction\":[{\"@type\":\"SearchAction\",\"target\":{\"@type\":\"EntryPoint\",\"urlTemplate\":\"https:\\\/\\\/www.nao.bio\\\/?s={search_term_string}\"},\"query-input\":{\"@type\":\"PropertyValueSpecification\",\"valueRequired\":true,\"valueName\":\"search_term_string\"}}],\"inLanguage\":\"nl-NL\"}]}<\/script>\n<!-- \/ Yoast SEO plugin. -->","yoast_head_json":{"title":"Nao - Onze waarden en verbintenissen - Que faisons-nous?","description":"D\u00e9couvrez les divers projets et engagements en termes de responsabilit\u00e9 soci\u00e9tale dans lesquels Nao s'inscrit.","robots":{"index":"index","follow":"follow","max-snippet":"max-snippet:-1","max-image-preview":"max-image-preview:large","max-video-preview":"max-video-preview:-1"},"canonical":"https:\/\/www.nao.bio\/nl\/over-ons\/waarden-en-verbintenissen\/","og_locale":"nl_NL","og_type":"article","og_title":"Nao - Onze waarden en verbintenissen - Que faisons-nous?","og_description":"D\u00e9couvrez les divers projets et engagements en termes de responsabilit\u00e9 soci\u00e9tale dans lesquels Nao s'inscrit.","og_url":"https:\/\/www.nao.bio\/nl\/over-ons\/waarden-en-verbintenissen\/","og_site_name":"Nao","article_modified_time":"2024-03-28T11:11:02+00:00","twitter_card":"summary_large_image","twitter_misc":{"Geschatte leestijd":"4 minuten"},"schema":{"@context":"https:\/\/schema.org","@graph":[{"@type":"WebPage","@id":"https:\/\/www.nao.bio\/nl\/over-ons\/waarden-en-verbintenissen\/","url":"https:\/\/www.nao.bio\/nl\/over-ons\/waarden-en-verbintenissen\/","name":"Nao - Onze waarden en verbintenissen - Que faisons-nous?","isPartOf":{"@id":"https:\/\/www.nao.bio\/#website"},"datePublished":"2022-02-17T08:10:01+00:00","dateModified":"2024-03-28T11:11:02+00:00","description":"D\u00e9couvrez les divers projets et engagements en termes de responsabilit\u00e9 soci\u00e9tale dans lesquels Nao s'inscrit.","breadcrumb":{"@id":"https:\/\/www.nao.bio\/nl\/over-ons\/waarden-en-verbintenissen\/#breadcrumb"},"inLanguage":"nl-NL","potentialAction":[{"@type":"ReadAction","target":["https:\/\/www.nao.bio\/nl\/over-ons\/waarden-en-verbintenissen\/"]}]},{"@type":"BreadcrumbList","@id":"https:\/\/www.nao.bio\/nl\/over-ons\/waarden-en-verbintenissen\/#breadcrumb","itemListElement":[{"@type":"ListItem","position":1,"name":"Home","item":"https:\/\/www.nao.bio\/nl\/"},{"@type":"ListItem","position":2,"name":"Over ons","item":"https:\/\/www.nao.bio\/nl\/over-ons\/"},{"@type":"ListItem","position":3,"name":"Onze waarden en verbintenissen"}]},{"@type":"WebSite","@id":"https:\/\/www.nao.bio\/#website","url":"https:\/\/www.nao.bio\/","name":"Nao","description":"Belgian Chocolate certified organic","potentialAction":[{"@type":"SearchAction","target":{"@type":"EntryPoint","urlTemplate":"https:\/\/www.nao.bio\/?s={search_term_string}"},"query-input":{"@type":"PropertyValueSpecification","valueRequired":true,"valueName":"search_term_string"}}],"inLanguage":"nl-NL"}]}},"jetpack_sharing_enabled":true,"_links":{"self":[{"href":"https:\/\/www.nao.bio\/nl\/wp-json\/wp\/v2\/pages\/7996","targetHints":{"allow":["GET"]}}],"collection":[{"href":"https:\/\/www.nao.bio\/nl\/wp-json\/wp\/v2\/pages"}],"about":[{"href":"https:\/\/www.nao.bio\/nl\/wp-json\/wp\/v2\/types\/page"}],"author":[{"embeddable":true,"href":"https:\/\/www.nao.bio\/nl\/wp-json\/wp\/v2\/users\/2"}],"replies":[{"embeddable":true,"href":"https:\/\/www.nao.bio\/nl\/wp-json\/wp\/v2\/comments?post=7996"}],"version-history":[{"count":8,"href":"https:\/\/www.nao.bio\/nl\/wp-json\/wp\/v2\/pages\/7996\/revisions"}],"predecessor-version":[{"id":14498,"href":"https:\/\/www.nao.bio\/nl\/wp-json\/wp\/v2\/pages\/7996\/revisions\/14498"}],"up":[{"embeddable":true,"href":"https:\/\/www.nao.bio\/nl\/wp-json\/wp\/v2\/pages\/771"}],"wp:attachment":[{"href":"https:\/\/www.nao.bio\/nl\/wp-json\/wp\/v2\/media?parent=7996"}],"curies":[{"name":"wp","href":"https:\/\/api.w.org\/{rel}","templated":true}]}}