{"id":8046,"date":"2022-02-15T14:49:05","date_gmt":"2022-02-15T13:49:05","guid":{"rendered":"https:\/\/nao.poush-dev.be\/faq\/"},"modified":"2024-04-15T11:18:55","modified_gmt":"2024-04-15T09:18:55","slug":"faq","status":"publish","type":"page","link":"https:\/\/www.nao.bio\/en\/faq\/","title":{"rendered":"FAQ"},"content":{"rendered":"<div class=\"wpb-content-wrapper\"><p>[vc_row][vc_column][vc_column_text css=&#8221;&#8221;]<\/p>\n<h2>Product and inventory:<\/h2>\n<p>[\/vc_column_text][vc_toggle title=&#8221;Is Nao chocolate fair trade?&#8221; style=&#8221;round_outline&#8221; color=&#8221;black&#8221; custom_font_container=&#8221;tag:h5|text_align:left&#8221; custom_use_theme_fonts=&#8221;yes&#8221; css=&#8221;.vc_custom_1713171960255{margin-bottom: 5px !important;padding-top: 15px !important;padding-right: 15px !important;padding-bottom: 15px !important;padding-left: 15px !important;background-color: #f6f7f7 !important;}&#8221; use_custom_heading=&#8221;true&#8221;]By buying its beans in Sao Tom\u00e9 and Peru, and processing them in Brussels, Nao has full control over its supply chain, and can guarantee fair prices and decent working conditions for everyone involved. In fact, Nao buys its beans directly from small producers in Sao Tom\u00e9. This guarantees a price up to 40% higher than fair trade prices. By sourcing from the CECAQ-11 cooperative, Nao also invests in local development programs, as it has done with its cocoa suppliers in Peru.[\/vc_toggle][vc_toggle title=&#8221;What products are available from Nao?&#8221; style=&#8221;round_outline&#8221; color=&#8221;black&#8221; custom_font_container=&#8221;tag:h5|text_align:left&#8221; custom_use_theme_fonts=&#8221;yes&#8221; css=&#8221;.vc_custom_1713172044668{margin-bottom: 5px !important;padding-top: 15px !important;padding-right: 15px !important;padding-bottom: 15px !important;padding-left: 15px !important;background-color: #f6f7f7 !important;}&#8221; use_custom_heading=&#8221;true&#8221;]At Nao, there&#8217;s something for everyone. We offer chocolate in a variety of forms and textures. Dark chocolate <a href=\"https:\/\/www.nao.bio\/en\/categorie-produit\/tablets\/\">bars <\/a>with cocoa nibs for purists, milk <a href=\"https:\/\/www.nao.bio\/en\/categorie-produit\/tablets\/\">bars<\/a> for gourmands, <a href=\"https:\/\/www.nao.bio\/en\/categorie-produit\/chocolate-to-break\/\">baking trays<\/a>, <a href=\"https:\/\/www.nao.bio\/en\/categorie-produit\/spread\/\">spreads<\/a>, and of course <a href=\"https:\/\/www.nao.bio\/en\/categorie-produit\/seasonal-products\/\">seasonal products:<\/a> Easter eggs &amp; St. Nicholas caraques&#8230;.<\/p>\n<p>All our products are sold in bulk in organic stores.[\/vc_toggle][vc_toggle title=&#8221;How does Nao select its beans?&#8221; style=&#8221;round_outline&#8221; color=&#8221;black&#8221; custom_font_container=&#8221;tag:h5|text_align:left&#8221; custom_use_theme_fonts=&#8221;yes&#8221; css=&#8221;.vc_custom_1713172075297{margin-bottom: 5px !important;padding-top: 15px !important;padding-right: 15px !important;padding-bottom: 15px !important;padding-left: 15px !important;background-color: #f6f7f7 !important;}&#8221; use_custom_heading=&#8221;true&#8221;]To select her beans, Nao works in collaboration with Katrien, <a href=\"https:\/\/silva-cacao.com\/\" target=\"_blank\" rel=\"noopener\">Silva Cacao<\/a>&#8216;s bean hunter. Silva sources its cocoa directly from extraordinary cocoa producers and passionate chocolatiers. Flavor, forest preservation, farmers&#8217; well-being and the future are at the heart of their concerns.<\/p>\n<p>For its bars, Nao buys its beans in Sao Tom\u00e9 from <a href=\"http:\/\/nao.bio\/qui-est-le-cecaq\/\">CECAQ-11<\/a> and <a href=\"https:\/\/coopnorandino.com.pe\/\" target=\"_blank\" rel=\"noopener\">Norandino<\/a>. Nao is therefore in direct contact with the producers and can guarantee a fair price for all, as well as decent working conditions.[\/vc_toggle][vc_toggle title=&#8221;How does Nao make his chocolate?&#8221; style=&#8221;round_outline&#8221; color=&#8221;black&#8221; custom_font_container=&#8221;tag:h5|text_align:left&#8221; custom_use_theme_fonts=&#8221;yes&#8221; css=&#8221;.vc_custom_1713172112098{margin-bottom: 5px !important;padding-top: 15px !important;padding-right: 15px !important;padding-bottom: 15px !important;padding-left: 15px !important;background-color: #f6f7f7 !important;}&#8221; use_custom_heading=&#8221;true&#8221;]For our tablets and some of our other products, we control the entire chain, from bean selection to in-store sales, right through to you. Find out more about our supply chain <a href=\"https:\/\/www.nao.bio\/en\/nao-controlling-the-process-from-bean-to-bar\/\">here<\/a>. For some of our &#8216;extras&#8217; we still use organic couverture chocolate. We are currently in the process of making all our chocolates 100% organic. We hope to complete this transition by the end of 2024.[\/vc_toggle][vc_toggle title=&#8221;Where do the other ingredients (other than cocoa) used in Nao chocolates come from?&#8221; style=&#8221;round_outline&#8221; color=&#8221;black&#8221; custom_font_container=&#8221;tag:h5|text_align:left&#8221; custom_use_theme_fonts=&#8221;yes&#8221; css=&#8221;.vc_custom_1713172128379{margin-bottom: 5px !important;padding-top: 15px !important;padding-right: 15px !important;padding-bottom: 15px !important;padding-left: 15px !important;background-color: #f6f7f7 !important;}&#8221; use_custom_heading=&#8221;true&#8221;]We work with suppliers based mainly in the European Union.[\/vc_toggle][vc_toggle title=&#8221;Where can I buy Nao chocolates?&#8221; style=&#8221;round_outline&#8221; color=&#8221;black&#8221; custom_font_container=&#8221;tag:h5|text_align:left&#8221; custom_use_theme_fonts=&#8221;yes&#8221; css=&#8221;.vc_custom_1713172152236{margin-bottom: 5px !important;padding-top: 15px !important;padding-right: 15px !important;padding-bottom: 15px !important;padding-left: 15px !important;background-color: #f6f7f7 !important;}&#8221; use_custom_heading=&#8221;true&#8221;]Today, more than 350 sales outlets are listed, mainly in Belgium, but also in France, Luxembourg, the Netherlands and Austria, with the support of a <a href=\"https:\/\/www.nao.bio\/en\/about-us\/\">team highly motivated<\/a> by the NAO project.[\/vc_toggle][vc_toggle title=&#8221;Where can I find the composition of Nao products?&#8221; style=&#8221;round_outline&#8221; color=&#8221;black&#8221; custom_font_container=&#8221;tag:h5|text_align:left&#8221; custom_use_theme_fonts=&#8221;yes&#8221; css=&#8221;.vc_custom_1713172169998{margin-bottom: 5px !important;padding-top: 15px !important;padding-right: 15px !important;padding-bottom: 15px !important;padding-left: 15px !important;background-color: #f6f7f7 !important;}&#8221; use_custom_heading=&#8221;true&#8221;]On each product page, you will find :<\/p>\n<ul>\n<li>Product features ;\n<ul>\n<li>Weight<\/li>\n<li>Cocoa content (in %)<\/li>\n<li>ingredients<\/li>\n<li>Allergens<\/li>\n<\/ul>\n<\/li>\n<li>Average nutritional values<\/li>\n<li>Product availability<\/li>\n<\/ul>\n<p>You can also download these product sheets in PDF format.[\/vc_toggle][vc_toggle title=&#8221;What does the percentage on chocolate mean?&#8221; style=&#8221;round_outline&#8221; color=&#8221;black&#8221; custom_font_container=&#8221;tag:h5|text_align:left&#8221; custom_use_theme_fonts=&#8221;yes&#8221; css=&#8221;.vc_custom_1713172204697{margin-bottom: 5px !important;padding-top: 15px !important;padding-right: 15px !important;padding-bottom: 15px !important;padding-left: 15px !important;background-color: #f6f7f7 !important;}&#8221; use_custom_heading=&#8221;true&#8221;]The percentage on the chocolate indicates the minimum cocoa content present in the chocolate. At Nao, we offer ;<\/p>\n<ul>\n<li>72% dark chocolate &#8211; Sao Tom\u00e9 origin<\/li>\n<li><a href=\"https:\/\/www.nao.bio\/tablette-fondant-85-perou-approvisionnement-direct\/\">85% dark chocolate &#8211; from Peru<\/a><\/li>\n<li>Milk chocolate 45% &#8211; Sao Tom\u00e9 origin<\/li>\n<li>Dark chocolate 72% &#8211; Sao Tom\u00e9 origin<\/li>\n<\/ul>\n<p>&nbsp;<\/p>\n<p>For pastry chocolates, we also offer :<\/p>\n<ul>\n<li>Dark chocolate 80% &#8211; Nicaragua origin<\/li>\n<li>Dark chocolate 68% &#8211; origin Peru<\/li>\n<\/ul>\n<p>[\/vc_toggle][vc_toggle title=&#8221;How to store Nao chocolate?&#8221; style=&#8221;round_outline&#8221; color=&#8221;black&#8221; custom_font_container=&#8221;tag:h5|text_align:left&#8221; custom_use_theme_fonts=&#8221;yes&#8221; css=&#8221;.vc_custom_1713172417625{margin-bottom: 5px !important;padding-top: 15px !important;padding-right: 15px !important;padding-bottom: 15px !important;padding-left: 15px !important;background-color: #f6f7f7 !important;}&#8221; use_custom_heading=&#8221;true&#8221;]Store your Nao chocolate in a dry place away from heat and light.<br \/>\nAvoid putting it in the fridge, where it may spoil.[\/vc_toggle][vc_toggle title=&#8221;How long can I keep my chocolate?&#8221; style=&#8221;round_outline&#8221; color=&#8221;black&#8221; custom_font_container=&#8221;tag:h5|text_align:left&#8221; custom_use_theme_fonts=&#8221;yes&#8221; css=&#8221;.vc_custom_1713172472073{margin-bottom: 5px !important;padding-top: 15px !important;padding-right: 15px !important;padding-bottom: 15px !important;padding-left: 15px !important;background-color: #f6f7f7 !important;}&#8221; use_custom_heading=&#8221;true&#8221;]Nos chocolats ont g\u00e9n\u00e9ralement une date de p\u00e9remption comprise entre 1 et 2 ans s&#8217;ils sont conserv\u00e9s dans de bonnes conditions.[\/vc_toggle][vc_toggle title=&#8221;Do Nao products contain allergens?&#8221; style=&#8221;round_outline&#8221; color=&#8221;black&#8221; custom_font_container=&#8221;tag:h5|text_align:left&#8221; custom_use_theme_fonts=&#8221;yes&#8221; css=&#8221;.vc_custom_1713172488015{margin-bottom: 5px !important;padding-top: 15px !important;padding-right: 15px !important;padding-bottom: 15px !important;padding-left: 15px !important;background-color: #f6f7f7 !important;}&#8221; use_custom_heading=&#8221;true&#8221;]You can find the allergens present in our products on the corresponding product page. You can also download the list of allergens present in our products.[\/vc_toggle][vc_toggle title=&#8221;Do Nao products contain soy lecithin?&#8221; style=&#8221;round_outline&#8221; color=&#8221;black&#8221; custom_font_container=&#8221;tag:h5|text_align:left&#8221; custom_use_theme_fonts=&#8221;yes&#8221; css=&#8221;.vc_custom_1713172503643{margin-bottom: 5px !important;padding-top: 15px !important;padding-right: 15px !important;padding-bottom: 15px !important;padding-left: 15px !important;background-color: #f6f7f7 !important;}&#8221; use_custom_heading=&#8221;true&#8221;]Details can be found on the product sheet for each product.[\/vc_toggle][vc_toggle title=&#8221;Do Nao products contain palm oil?&#8221; style=&#8221;round_outline&#8221; color=&#8221;black&#8221; custom_font_container=&#8221;tag:h5|text_align:left&#8221; custom_use_theme_fonts=&#8221;yes&#8221; css=&#8221;.vc_custom_1713172523474{margin-bottom: 5px !important;padding-top: 15px !important;padding-right: 15px !important;padding-bottom: 15px !important;padding-left: 15px !important;background-color: #f6f7f7 !important;}&#8221; use_custom_heading=&#8221;true&#8221;]Nao products contain no palm oil, colorants or preservatives to preserve their simple yet authentic flavors. We prefer sunflower oil.[\/vc_toggle][\/vc_column][\/vc_row][vc_row][vc_column][vc_column_text css=&#8221;&#8221;]<\/p>\n<h2>Delivery and order tracking<\/h2>\n<p>[\/vc_column_text][vc_toggle title=&#8221;What is the delivery time for my order?&#8221; style=&#8221;round_outline&#8221; color=&#8221;black&#8221; custom_font_container=&#8221;tag:h5|text_align:left&#8221; custom_use_theme_fonts=&#8221;yes&#8221; css=&#8221;.vc_custom_1713172557458{margin-bottom: 5px !important;padding-top: 15px !important;padding-right: 15px !important;padding-bottom: 15px !important;padding-left: 15px !important;background-color: #f6f7f7 !important;}&#8221; use_custom_heading=&#8221;true&#8221;]The delivery time for your Nao chocolate order in the <a href=\"https:\/\/www.nao.bio\/en\/shop\/\">webshop<\/a> is 7 working days. The delivery date of your order will also be communicated on your order confirmation email.<\/p>\n<p>In the event that we are unable to process your order, we will send you an email to arrange a refund.[\/vc_toggle][vc_toggle title=&#8221;How much does delivery cost?&#8221; style=&#8221;round_outline&#8221; color=&#8221;black&#8221; custom_font_container=&#8221;tag:h5|text_align:left&#8221; custom_use_theme_fonts=&#8221;yes&#8221; css=&#8221;.vc_custom_1713172573590{margin-bottom: 5px !important;padding-top: 15px !important;padding-right: 15px !important;padding-bottom: 15px !important;padding-left: 15px !important;background-color: #f6f7f7 !important;}&#8221; use_custom_heading=&#8221;true&#8221;]Delivery costs are calculated automatically when you place your order, according to quantity and delivery location. These are clearly indicated at the time of payment.[\/vc_toggle][vc_toggle title=&#8221;Where can I have Nao chocolates delivered?&#8221; style=&#8221;round_outline&#8221; color=&#8221;black&#8221; custom_font_container=&#8221;tag:h5|text_align:left&#8221; custom_use_theme_fonts=&#8221;yes&#8221; css=&#8221;.vc_custom_1713172590638{margin-bottom: 5px !important;padding-top: 15px !important;padding-right: 15px !important;padding-bottom: 15px !important;padding-left: 15px !important;background-color: #f6f7f7 !important;}&#8221; use_custom_heading=&#8221;true&#8221;]You can order Nao products from Belgium, France, Luxembourg and the Netherlands.[\/vc_toggle][vc_toggle title=&#8221;How can I track the status of my order?&#8221; style=&#8221;round_outline&#8221; color=&#8221;black&#8221; custom_font_container=&#8221;tag:h5|text_align:left&#8221; custom_use_theme_fonts=&#8221;yes&#8221; css=&#8221;.vc_custom_1713172606610{margin-bottom: 5px !important;padding-top: 15px !important;padding-right: 15px !important;padding-bottom: 15px !important;padding-left: 15px !important;background-color: #f6f7f7 !important;}&#8221; use_custom_heading=&#8221;true&#8221;]After validation, you will receive an order confirmation by e-mail with a tracking number. If you have any questions about your order, please contact us at <a href=\"mailto:info@nao.bio\">info@nao.bio.<\/a>[\/vc_toggle][vc_toggle title=&#8221;What payment methods do you offer?&#8221; style=&#8221;round_outline&#8221; color=&#8221;black&#8221; custom_font_container=&#8221;tag:h5|text_align:left&#8221; custom_use_theme_fonts=&#8221;yes&#8221; css=&#8221;.vc_custom_1713172623134{margin-bottom: 5px !important;padding-top: 15px !important;padding-right: 15px !important;padding-bottom: 15px !important;padding-left: 15px !important;background-color: #f6f7f7 !important;}&#8221; use_custom_heading=&#8221;true&#8221;]You can pay for your order by debit or credit card.[\/vc_toggle][vc_toggle title=&#8221;I need an invoice, can you produce one for me?&#8221; style=&#8221;round_outline&#8221; color=&#8221;black&#8221; custom_font_container=&#8221;tag:h5|text_align:left&#8221; custom_use_theme_fonts=&#8221;yes&#8221; css=&#8221;.vc_custom_1713172639824{margin-bottom: 5px !important;padding-top: 15px !important;padding-right: 15px !important;padding-bottom: 15px !important;padding-left: 15px !important;background-color: #f6f7f7 !important;}&#8221; use_custom_heading=&#8221;true&#8221;]Yes.[\/vc_toggle][vc_toggle title=&#8221;Can I change my address during delivery?&#8221; style=&#8221;round_outline&#8221; color=&#8221;black&#8221; custom_font_container=&#8221;tag:h5|text_align:left&#8221; custom_use_theme_fonts=&#8221;yes&#8221; css=&#8221;.vc_custom_1713172655576{margin-bottom: 5px !important;padding-top: 15px !important;padding-right: 15px !important;padding-bottom: 15px !important;padding-left: 15px !important;background-color: #f6f7f7 !important;}&#8221; use_custom_heading=&#8221;true&#8221;]In some cases, the sender&#8217;s interface may allow you to change the delivery address.[\/vc_toggle][vc_toggle title=&#8221;What should I do if my parcel doesn&#8217;t conform to my order?&#8221; style=&#8221;round_outline&#8221; color=&#8221;black&#8221; custom_font_container=&#8221;tag:h5|text_align:left&#8221; custom_use_theme_fonts=&#8221;yes&#8221; css=&#8221;.vc_custom_1713172681619{margin-bottom: 5px !important;padding-top: 15px !important;padding-right: 15px !important;padding-bottom: 15px !important;padding-left: 15px !important;background-color: #f6f7f7 !important;}&#8221; use_custom_heading=&#8221;true&#8221;]If your parcel does not conform to your order or arrives damaged, please send us a photo of your parcel with the order number to <a href=\"mailto:info@nao.bio\">info@nao.bio<\/a>.[\/vc_toggle][vc_toggle title=&#8221;What happens if I&#8217;m not there for the delivery?&#8221; style=&#8221;round_outline&#8221; color=&#8221;black&#8221; custom_font_container=&#8221;tag:h5|text_align:left&#8221; custom_use_theme_fonts=&#8221;yes&#8221; css=&#8221;.vc_custom_1713172697969{margin-bottom: 5px !important;padding-top: 15px !important;padding-right: 15px !important;padding-bottom: 15px !important;padding-left: 15px !important;background-color: #f6f7f7 !important;}&#8221; use_custom_heading=&#8221;true&#8221;]If you are not at home when your order is delivered, you can :<\/p>\n<ul>\n<li>Reschedule another delivery with the shipper (Name of shipper)<\/li>\n<li>Ask for your order to be delivered to your nearest collection point.<\/li>\n<li>Request delivery to your neighbor&#8217;s address<\/li>\n<\/ul>\n<p>[\/vc_toggle][vc_toggle title=&#8221;Can I order from different delivery addresses?&#8221; style=&#8221;round_outline&#8221; color=&#8221;black&#8221; custom_font_container=&#8221;tag:h5|text_align:left&#8221; custom_use_theme_fonts=&#8221;yes&#8221; css=&#8221;.vc_custom_1713172716385{margin-bottom: 5px !important;padding-top: 15px !important;padding-right: 15px !important;padding-bottom: 15px !important;padding-left: 15px !important;background-color: #f6f7f7 !important;}&#8221; use_custom_heading=&#8221;true&#8221;]To do this, you&#8217;ll need to place two separate orders.[\/vc_toggle][vc_toggle title=&#8221;Why can&#8217;t Nao chocolates be delivered during the summer (July-August)?&#8221; style=&#8221;round_outline&#8221; color=&#8221;black&#8221; custom_font_container=&#8221;tag:h5|text_align:left&#8221; custom_use_theme_fonts=&#8221;yes&#8221; css=&#8221;.vc_custom_1713172731462{margin-bottom: 5px !important;padding-top: 15px !important;padding-right: 15px !important;padding-bottom: 15px !important;padding-left: 15px !important;background-color: #f6f7f7 !important;}&#8221; use_custom_heading=&#8221;true&#8221;]Chocolate melts! We want you to have a delicious time with our chocolates. That&#8217;s why we prefer to suspend shipments during heatwaves, rather than jeopardize our quality and your satisfaction. However, you can still find Nao chocolate in your nearest retailer.[\/vc_toggle][\/vc_column][\/vc_row]<\/p>\n<\/div>","protected":false},"excerpt":{"rendered":"<p>[vc_row][vc_column][vc_column_text css=&#8221;&#8221;] Product and inventory: [\/vc_column_text][vc_toggle title=&#8221;Is Nao chocolate fair trade?&#8221; style=&#8221;round_outline&#8221; color=&#8221;black&#8221; custom_font_container=&#8221;tag:h5|text_align:left&#8221; custom_use_theme_fonts=&#8221;yes&#8221; css=&#8221;.vc_custom_1713171960255{margin-bottom: 5px !important;padding-top: 15px !important;padding-right: 15px !important;padding-bottom: 15px !important;padding-left: 15px !important;background-color: #f6f7f7 !important;}&#8221; use_custom_heading=&#8221;true&#8221;]By buying its beans in Sao Tom\u00e9 and Peru, and processing them in Brussels, Nao has full control over its supply chain, and can guarantee fair prices&hellip;<\/p>\n","protected":false},"author":2,"featured_media":0,"parent":0,"menu_order":8,"comment_status":"closed","ping_status":"closed","template":"","meta":{"footnotes":""},"class_list":["post-8046","page","type-page","status-publish","hentry","description-off"],"yoast_head":"<!-- This site is optimized with the Yoast SEO plugin v27.4 - https:\/\/yoast.com\/product\/yoast-seo-wordpress\/ -->\n<title>FAQ - Nao<\/title>\n<meta name=\"robots\" content=\"index, follow, max-snippet:-1, max-image-preview:large, max-video-preview:-1\" \/>\n<link rel=\"canonical\" href=\"https:\/\/www.nao.bio\/en\/faq\/\" \/>\n<meta property=\"og:locale\" content=\"en_US\" \/>\n<meta property=\"og:type\" content=\"article\" \/>\n<meta property=\"og:title\" content=\"FAQ - Nao\" \/>\n<meta property=\"og:description\" content=\"[vc_row][vc_column][vc_column_text css=&#8221;&#8221;] Product and inventory: [\/vc_column_text][vc_toggle title=&#8221;Is Nao chocolate fair trade?&#8221; style=&#8221;round_outline&#8221; color=&#8221;black&#8221; custom_font_container=&#8221;tag:h5|text_align:left&#8221; custom_use_theme_fonts=&#8221;yes&#8221; css=&#8221;.vc_custom_1713171960255{margin-bottom: 5px !important;padding-top: 15px !important;padding-right: 15px !important;padding-bottom: 15px !important;padding-left: 15px !important;background-color: #f6f7f7 !important;}&#8221; use_custom_heading=&#8221;true&#8221;]By buying its beans in Sao Tom\u00e9 and Peru, and processing them in Brussels, Nao has full control over its supply chain, and can guarantee fair prices&hellip;\" \/>\n<meta property=\"og:url\" content=\"https:\/\/www.nao.bio\/en\/faq\/\" \/>\n<meta property=\"og:site_name\" content=\"Nao\" \/>\n<meta property=\"article:modified_time\" content=\"2024-04-15T09:18:55+00:00\" \/>\n<meta name=\"twitter:card\" content=\"summary_large_image\" \/>\n<meta name=\"twitter:label1\" content=\"Est. reading time\" \/>\n\t<meta name=\"twitter:data1\" content=\"8 minutes\" \/>\n<script type=\"application\/ld+json\" class=\"yoast-schema-graph\">{\"@context\":\"https:\\\/\\\/schema.org\",\"@graph\":[{\"@type\":\"WebPage\",\"@id\":\"https:\\\/\\\/www.nao.bio\\\/en\\\/faq\\\/\",\"url\":\"https:\\\/\\\/www.nao.bio\\\/en\\\/faq\\\/\",\"name\":\"FAQ - Nao\",\"isPartOf\":{\"@id\":\"https:\\\/\\\/www.nao.bio\\\/#website\"},\"datePublished\":\"2022-02-15T13:49:05+00:00\",\"dateModified\":\"2024-04-15T09:18:55+00:00\",\"breadcrumb\":{\"@id\":\"https:\\\/\\\/www.nao.bio\\\/en\\\/faq\\\/#breadcrumb\"},\"inLanguage\":\"en-US\",\"potentialAction\":[{\"@type\":\"ReadAction\",\"target\":[\"https:\\\/\\\/www.nao.bio\\\/en\\\/faq\\\/\"]}]},{\"@type\":\"BreadcrumbList\",\"@id\":\"https:\\\/\\\/www.nao.bio\\\/en\\\/faq\\\/#breadcrumb\",\"itemListElement\":[{\"@type\":\"ListItem\",\"position\":1,\"name\":\"Home\",\"item\":\"https:\\\/\\\/www.nao.bio\\\/en\\\/\"},{\"@type\":\"ListItem\",\"position\":2,\"name\":\"FAQ\"}]},{\"@type\":\"WebSite\",\"@id\":\"https:\\\/\\\/www.nao.bio\\\/#website\",\"url\":\"https:\\\/\\\/www.nao.bio\\\/\",\"name\":\"Nao\",\"description\":\"Belgian Chocolate certified organic\",\"potentialAction\":[{\"@type\":\"SearchAction\",\"target\":{\"@type\":\"EntryPoint\",\"urlTemplate\":\"https:\\\/\\\/www.nao.bio\\\/?s={search_term_string}\"},\"query-input\":{\"@type\":\"PropertyValueSpecification\",\"valueRequired\":true,\"valueName\":\"search_term_string\"}}],\"inLanguage\":\"en-US\"}]}<\/script>\n<!-- \/ Yoast SEO plugin. -->","yoast_head_json":{"title":"FAQ - Nao","robots":{"index":"index","follow":"follow","max-snippet":"max-snippet:-1","max-image-preview":"max-image-preview:large","max-video-preview":"max-video-preview:-1"},"canonical":"https:\/\/www.nao.bio\/en\/faq\/","og_locale":"en_US","og_type":"article","og_title":"FAQ - Nao","og_description":"[vc_row][vc_column][vc_column_text css=&#8221;&#8221;] Product and inventory: [\/vc_column_text][vc_toggle title=&#8221;Is Nao chocolate fair trade?&#8221; style=&#8221;round_outline&#8221; color=&#8221;black&#8221; custom_font_container=&#8221;tag:h5|text_align:left&#8221; custom_use_theme_fonts=&#8221;yes&#8221; css=&#8221;.vc_custom_1713171960255{margin-bottom: 5px !important;padding-top: 15px !important;padding-right: 15px !important;padding-bottom: 15px !important;padding-left: 15px !important;background-color: #f6f7f7 !important;}&#8221; use_custom_heading=&#8221;true&#8221;]By buying its beans in Sao Tom\u00e9 and Peru, and processing them in Brussels, Nao has full control over its supply chain, and can guarantee fair prices&hellip;","og_url":"https:\/\/www.nao.bio\/en\/faq\/","og_site_name":"Nao","article_modified_time":"2024-04-15T09:18:55+00:00","twitter_card":"summary_large_image","twitter_misc":{"Est. reading time":"8 minutes"},"schema":{"@context":"https:\/\/schema.org","@graph":[{"@type":"WebPage","@id":"https:\/\/www.nao.bio\/en\/faq\/","url":"https:\/\/www.nao.bio\/en\/faq\/","name":"FAQ - Nao","isPartOf":{"@id":"https:\/\/www.nao.bio\/#website"},"datePublished":"2022-02-15T13:49:05+00:00","dateModified":"2024-04-15T09:18:55+00:00","breadcrumb":{"@id":"https:\/\/www.nao.bio\/en\/faq\/#breadcrumb"},"inLanguage":"en-US","potentialAction":[{"@type":"ReadAction","target":["https:\/\/www.nao.bio\/en\/faq\/"]}]},{"@type":"BreadcrumbList","@id":"https:\/\/www.nao.bio\/en\/faq\/#breadcrumb","itemListElement":[{"@type":"ListItem","position":1,"name":"Home","item":"https:\/\/www.nao.bio\/en\/"},{"@type":"ListItem","position":2,"name":"FAQ"}]},{"@type":"WebSite","@id":"https:\/\/www.nao.bio\/#website","url":"https:\/\/www.nao.bio\/","name":"Nao","description":"Belgian Chocolate certified organic","potentialAction":[{"@type":"SearchAction","target":{"@type":"EntryPoint","urlTemplate":"https:\/\/www.nao.bio\/?s={search_term_string}"},"query-input":{"@type":"PropertyValueSpecification","valueRequired":true,"valueName":"search_term_string"}}],"inLanguage":"en-US"}]}},"jetpack_sharing_enabled":true,"_links":{"self":[{"href":"https:\/\/www.nao.bio\/en\/wp-json\/wp\/v2\/pages\/8046","targetHints":{"allow":["GET"]}}],"collection":[{"href":"https:\/\/www.nao.bio\/en\/wp-json\/wp\/v2\/pages"}],"about":[{"href":"https:\/\/www.nao.bio\/en\/wp-json\/wp\/v2\/types\/page"}],"author":[{"embeddable":true,"href":"https:\/\/www.nao.bio\/en\/wp-json\/wp\/v2\/users\/2"}],"replies":[{"embeddable":true,"href":"https:\/\/www.nao.bio\/en\/wp-json\/wp\/v2\/comments?post=8046"}],"version-history":[{"count":6,"href":"https:\/\/www.nao.bio\/en\/wp-json\/wp\/v2\/pages\/8046\/revisions"}],"predecessor-version":[{"id":14648,"href":"https:\/\/www.nao.bio\/en\/wp-json\/wp\/v2\/pages\/8046\/revisions\/14648"}],"wp:attachment":[{"href":"https:\/\/www.nao.bio\/en\/wp-json\/wp\/v2\/media?parent=8046"}],"curies":[{"name":"wp","href":"https:\/\/api.w.org\/{rel}","templated":true}]}}