{"id":7997,"date":"2022-02-17T09:10:01","date_gmt":"2022-02-17T08:10:01","guid":{"rendered":"https:\/\/nao.poush-dev.be\/nao-organic-chocolate\/valeurs\/"},"modified":"2024-03-28T12:10:59","modified_gmt":"2024-03-28T11:10:59","slug":"values-commitments","status":"publish","type":"page","link":"https:\/\/www.nao.bio\/en\/about-us\/values-commitments\/","title":{"rendered":"Values and commitments"},"content":{"rendered":"<div class=\"wpb-content-wrapper\"><p>[vc_row full_width=&#8221;stretch_row&#8221; content_placement=&#8221;middle&#8221; bg_type=&#8221;image&#8221; parallax_style=&#8221;vcpb-default&#8221; bg_image_new=&#8221;id^7728|url^https:\/\/www.nao.bio\/wp-content\/uploads\/2022\/02\/chocolat-2.jpg|caption^null|alt^null|title^chocolat-2|description^null&#8221; bg_image_repeat=&#8221;no-repeat&#8221; bg_override=&#8221;ex-full&#8221; enable_overlay=&#8221;enable_overlay_value&#8221; overlay_color=&#8221;rgba(0,0,0,0.01)&#8221; el_class=&#8221;custom-shape-bottom custom-main&#8221; css=&#8221;.vc_custom_1648022906606{padding-top: 50vh !important;}&#8221;][vc_column css=&#8221;.vc_custom_1644853216103{padding-top: 70px !important;}&#8221;][vc_column_text el_class=&#8221;custom-zindex&#8221; css=&#8221;.vc_custom_1648041704227{margin-bottom: 0px !important;}&#8221;]<\/p>\n<h1 style=\"text-align: center;\">Values<\/h1>\n<p>[\/vc_column_text][\/vc_column][\/vc_row][vc_row full_width=&#8221;stretch_row_content&#8221; gap=&#8221;30&#8243; equal_height=&#8221;yes&#8221; css=&#8221;.vc_custom_1645109261002{padding-right: 40px !important;padding-bottom: 50px !important;padding-left: 40px !important;}&#8221; el_class=&#8221;custom-overflow&#8221;][vc_column width=&#8221;1\/2&#8243; offset=&#8221;vc_col-lg-3 vc_col-md-3&#8243;][vc_single_image image=&#8221;7501&#8243; img_size=&#8221;80&#215;80&#8243; alignment=&#8221;center&#8221; css_animation=&#8221;fadeIn&#8221; css=&#8221;.vc_custom_1645109042517{margin-bottom: 15px !important;}&#8221;][vc_column_text]<\/p>\n<h3 style=\"text-align: center;\">Bulk<\/h3>\n<p style=\"text-align: center;\">We, at Nao, want to continue enjoying chocolate in the future and therefore we consider nature and offer our delicious organic chocolate in bulk. Our aim is to reduce our waste quantity to zero.<\/p>\n<p>[\/vc_column_text]<style type=\"text\/css\" data-type=\"the7_shortcodes-inline-css\">#default-btn-e5a0f9c3fc0d12011d3eabbd3577deff.ico-right-side > i {\n  margin-right: 0px;\n  margin-left: 8px;\n}\n#default-btn-e5a0f9c3fc0d12011d3eabbd3577deff > i {\n  margin-right: 8px;\n}<\/style><div class=\"btn-align-center\"><a href=\"https:\/\/www.nao.bio\/en\/chocolate-sold-in-bulk\/\" class=\"default-btn-shortcode dt-btn dt-btn-s link-hover-off \" id=\"default-btn-e5a0f9c3fc0d12011d3eabbd3577deff\" title=\"chocolate sold in bulk\"><span>More information<\/span><\/a><\/div>[\/vc_column][vc_column width=&#8221;1\/2&#8243; offset=&#8221;vc_col-lg-3 vc_col-md-3&#8243;][vc_single_image image=&#8221;7501&#8243; img_size=&#8221;80&#215;80&#8243; alignment=&#8221;center&#8221; css_animation=&#8221;fadeIn&#8221; css=&#8221;.vc_custom_1645109042517{margin-bottom: 15px !important;}&#8221;][vc_column_text]<\/p>\n<h3 style=\"text-align: center;\">Local<\/h3>\n<p style=\"text-align: center;\">Belgian production through and through. A welcoming reception and a strong bond of trust: these are the Nao key concepts.<\/p>\n<p>[\/vc_column_text]<style type=\"text\/css\" data-type=\"the7_shortcodes-inline-css\">#default-btn-685e9a953ef3bf3131f4c2b632add3ca.ico-right-side > i {\n  margin-right: 0px;\n  margin-left: 8px;\n}\n#default-btn-685e9a953ef3bf3131f4c2b632add3ca > i {\n  margin-right: 8px;\n}<\/style><div class=\"btn-align-center\"><a href=\"https:\/\/www.nao.bio\/comment-sourcer-notre-chocolat\/\" class=\"default-btn-shortcode dt-btn dt-btn-s link-hover-off \" id=\"default-btn-685e9a953ef3bf3131f4c2b632add3ca\"><span>More information<\/span><\/a><\/div>[\/vc_column][vc_column width=&#8221;1\/2&#8243; offset=&#8221;vc_col-lg-3 vc_col-md-3&#8243;][vc_single_image image=&#8221;7555&#8243; img_size=&#8221;80&#215;80&#8243; alignment=&#8221;center&#8221; css_animation=&#8221;fadeIn&#8221; css=&#8221;.vc_custom_1645109753376{margin-bottom: 15px !important;}&#8221;][vc_column_text]<\/p>\n<h3 style=\"text-align: center;\">Authentic taste<\/h3>\n<p style=\"text-align: center;\">Our range of simple and delicious products is produced in a traditional manner at our Belgian workplaces. Nao, that is basically a very tasty chocolate.<\/p>\n<p>[\/vc_column_text]<style type=\"text\/css\" data-type=\"the7_shortcodes-inline-css\">#default-btn-02d7e547091c0e2e43a49f86d8ad794a.ico-right-side > i {\n  margin-right: 0px;\n  margin-left: 8px;\n}\n#default-btn-02d7e547091c0e2e43a49f86d8ad794a > i {\n  margin-right: 8px;\n}<\/style><div class=\"btn-align-center\"><a href=\"https:\/\/www.nao.bio\/en\/the-taste-of-nao\/\" class=\"default-btn-shortcode dt-btn dt-btn-s link-hover-off \" id=\"default-btn-02d7e547091c0e2e43a49f86d8ad794a\" title=\"The taste of Nao\"><span>More information<\/span><\/a><\/div>[\/vc_column][vc_column width=&#8221;1\/2&#8243; offset=&#8221;vc_col-lg-3 vc_col-md-3&#8243;][vc_single_image image=&#8221;7501&#8243; img_size=&#8221;80&#215;80&#8243; alignment=&#8221;center&#8221; css_animation=&#8221;fadeIn&#8221; css=&#8221;.vc_custom_1645109042517{margin-bottom: 15px !important;}&#8221;][vc_column_text]<\/p>\n<h3 style=\"text-align: center;\">Transparency<\/h3>\n<p style=\"text-align: center;\">Our aim is to give you easy access to all information that you need to understand the Nao product. We will also gladly answer any question you may have.<\/p>\n<p>[\/vc_column_text]<style type=\"text\/css\" data-type=\"the7_shortcodes-inline-css\">#default-btn-4fb7dabc51354abc7b51b7c8f7622bb2.ico-right-side > i {\n  margin-right: 0px;\n  margin-left: 8px;\n}\n#default-btn-4fb7dabc51354abc7b51b7c8f7622bb2 > i {\n  margin-right: 8px;\n}<\/style><div class=\"btn-align-center\"><a href=\"https:\/\/www.nao.bio\/en\/contact\/\" class=\"default-btn-shortcode dt-btn dt-btn-s link-hover-off \" id=\"default-btn-4fb7dabc51354abc7b51b7c8f7622bb2\" title=\"Contact\"><span>Contact us<\/span><\/a><\/div>[\/vc_column][\/vc_row][vc_row][vc_column offset=&#8221;vc_col-lg-offset-2 vc_col-lg-8&#8243;][vc_column_text el_class=&#8221;custom-zindex&#8221;]<\/p>\n<h1 style=\"text-align: center;\"><strong>Our commitments<\/strong><\/h1>\n<p>[\/vc_column_text][vc_column_text]<\/p>\n<p style=\"text-align: center;\">We only have one ambition: to simply ask ourselves: how can we act at our scale in the here and now?<\/p>\n<p style=\"text-align: center;\">In the future, we want to continue making every effort for direct actions and want to directly and specifically participate in the economic and social development of our production areas. We therefore commit to:<\/p>\n<p>[\/vc_column_text][\/vc_column][\/vc_row][vc_row full_width=&#8221;stretch_row_content&#8221; gap=&#8221;30&#8243; equal_height=&#8221;yes&#8221; css=&#8221;.vc_custom_1645109261002{padding-right: 40px !important;padding-bottom: 50px !important;padding-left: 40px !important;}&#8221; el_class=&#8221;custom-overflow&#8221;][vc_column width=&#8221;1\/2&#8243; offset=&#8221;vc_col-lg-4 vc_col-md-4&#8243;][vc_single_image image=&#8221;7400&#8243; img_size=&#8221;80&#215;80&#8243; alignment=&#8221;center&#8221; css_animation=&#8221;fadeIn&#8221; css=&#8221;.vc_custom_1645109468178{margin-bottom: 15px !important;}&#8221;][vc_column_text]<\/p>\n<h3 style=\"text-align: center;\">A fair price<\/h3>\n<p style=\"text-align: center;\">Offer a <strong>fair price<\/strong> to all actors in the production supply chain.<\/p>\n<p>[\/vc_column_text][\/vc_column][vc_column width=&#8221;1\/2&#8243; offset=&#8221;vc_col-lg-4 vc_col-md-4&#8243;][vc_single_image image=&#8221;7552&#8243; img_size=&#8221;80&#215;80&#8243; alignment=&#8221;center&#8221; css_animation=&#8221;fadeIn&#8221; css=&#8221;.vc_custom_1645109537633{margin-bottom: 15px !important;}&#8221;][vc_column_text]<\/p>\n<h3 style=\"text-align: center;\">Direct supply chain<\/h3>\n<p style=\"text-align: center;\">Today, our chocolate comes from our own 100% controlled production chain, in partnership with cooperatives working in agroforestry.<\/p>\n<p>[\/vc_column_text][\/vc_column][vc_column width=&#8221;1\/2&#8243; offset=&#8221;vc_col-lg-4 vc_col-md-4&#8243;][vc_single_image image=&#8221;7555&#8243; img_size=&#8221;80&#215;80&#8243; alignment=&#8221;center&#8221; css_animation=&#8221;fadeIn&#8221; css=&#8221;.vc_custom_1645109550103{margin-bottom: 15px !important;}&#8221;][vc_column_text]<\/p>\n<h3 style=\"text-align: center;\">Organic certification<\/h3>\n<p style=\"text-align: center;\">All our raw materials and finished products are 100% certified organic.<\/p>\n<p>[\/vc_column_text][\/vc_column][\/vc_row]<\/p>\n<\/div>","protected":false},"excerpt":{"rendered":"<p>[vc_row full_width=&#8221;stretch_row&#8221; content_placement=&#8221;middle&#8221; bg_type=&#8221;image&#8221; parallax_style=&#8221;vcpb-default&#8221; bg_image_new=&#8221;id^7728|url^https:\/\/www.nao.bio\/wp-content\/uploads\/2022\/02\/chocolat-2.jpg|caption^null|alt^null|title^chocolat-2|description^null&#8221; bg_image_repeat=&#8221;no-repeat&#8221; bg_override=&#8221;ex-full&#8221; enable_overlay=&#8221;enable_overlay_value&#8221; overlay_color=&#8221;rgba(0,0,0,0.01)&#8221; el_class=&#8221;custom-shape-bottom custom-main&#8221; css=&#8221;.vc_custom_1648022906606{padding-top: 50vh !important;}&#8221;][vc_column css=&#8221;.vc_custom_1644853216103{padding-top: 70px !important;}&#8221;][vc_column_text el_class=&#8221;custom-zindex&#8221; css=&#8221;.vc_custom_1648041704227{margin-bottom: 0px !important;}&#8221;] Values [\/vc_column_text][\/vc_column][\/vc_row][vc_row full_width=&#8221;stretch_row_content&#8221; gap=&#8221;30&#8243; equal_height=&#8221;yes&#8221; css=&#8221;.vc_custom_1645109261002{padding-right: 40px !important;padding-bottom: 50px !important;padding-left: 40px !important;}&#8221; el_class=&#8221;custom-overflow&#8221;][vc_column width=&#8221;1\/2&#8243; offset=&#8221;vc_col-lg-3 vc_col-md-3&#8243;][vc_single_image image=&#8221;7501&#8243; img_size=&#8221;80&#215;80&#8243; alignment=&#8221;center&#8221; css_animation=&#8221;fadeIn&#8221; css=&#8221;.vc_custom_1645109042517{margin-bottom: 15px !important;}&#8221;][vc_column_text] Bulk We, at Nao, want to continue enjoying chocolate in&hellip;<\/p>\n","protected":false},"author":2,"featured_media":0,"parent":772,"menu_order":0,"comment_status":"closed","ping_status":"closed","template":"","meta":{"footnotes":""},"class_list":["post-7997","page","type-page","status-publish","hentry","description-off"],"yoast_head":"<!-- This site is optimized with the Yoast SEO plugin v27.4 - https:\/\/yoast.com\/product\/yoast-seo-wordpress\/ -->\n<title>Nao - Values and commitments - Que faisons-nous?<\/title>\n<meta name=\"description\" content=\"D\u00e9couvrez les divers projets et engagements en termes de responsabilit\u00e9 soci\u00e9tale dans lesquels Nao s&#039;inscrit.\" \/>\n<meta name=\"robots\" content=\"index, follow, max-snippet:-1, max-image-preview:large, max-video-preview:-1\" \/>\n<link rel=\"canonical\" href=\"https:\/\/www.nao.bio\/en\/about-us\/values-commitments\/\" \/>\n<meta property=\"og:locale\" content=\"en_US\" \/>\n<meta property=\"og:type\" content=\"article\" \/>\n<meta property=\"og:title\" content=\"Nao - Values and commitments - Que faisons-nous?\" \/>\n<meta property=\"og:description\" content=\"D\u00e9couvrez les divers projets et engagements en termes de responsabilit\u00e9 soci\u00e9tale dans lesquels Nao s&#039;inscrit.\" \/>\n<meta property=\"og:url\" content=\"https:\/\/www.nao.bio\/en\/about-us\/values-commitments\/\" \/>\n<meta property=\"og:site_name\" content=\"Nao\" \/>\n<meta property=\"article:modified_time\" content=\"2024-03-28T11:10:59+00:00\" \/>\n<meta name=\"twitter:card\" content=\"summary_large_image\" \/>\n<meta name=\"twitter:label1\" content=\"Est. reading time\" \/>\n\t<meta name=\"twitter:data1\" content=\"4 minutes\" \/>\n<script type=\"application\/ld+json\" class=\"yoast-schema-graph\">{\"@context\":\"https:\\\/\\\/schema.org\",\"@graph\":[{\"@type\":\"WebPage\",\"@id\":\"https:\\\/\\\/www.nao.bio\\\/en\\\/about-us\\\/values-commitments\\\/\",\"url\":\"https:\\\/\\\/www.nao.bio\\\/en\\\/about-us\\\/values-commitments\\\/\",\"name\":\"Nao - Values and commitments - Que faisons-nous?\",\"isPartOf\":{\"@id\":\"https:\\\/\\\/www.nao.bio\\\/#website\"},\"datePublished\":\"2022-02-17T08:10:01+00:00\",\"dateModified\":\"2024-03-28T11:10:59+00:00\",\"description\":\"D\u00e9couvrez les divers projets et engagements en termes de responsabilit\u00e9 soci\u00e9tale dans lesquels Nao s'inscrit.\",\"breadcrumb\":{\"@id\":\"https:\\\/\\\/www.nao.bio\\\/en\\\/about-us\\\/values-commitments\\\/#breadcrumb\"},\"inLanguage\":\"en-US\",\"potentialAction\":[{\"@type\":\"ReadAction\",\"target\":[\"https:\\\/\\\/www.nao.bio\\\/en\\\/about-us\\\/values-commitments\\\/\"]}]},{\"@type\":\"BreadcrumbList\",\"@id\":\"https:\\\/\\\/www.nao.bio\\\/en\\\/about-us\\\/values-commitments\\\/#breadcrumb\",\"itemListElement\":[{\"@type\":\"ListItem\",\"position\":1,\"name\":\"Home\",\"item\":\"https:\\\/\\\/www.nao.bio\\\/en\\\/\"},{\"@type\":\"ListItem\",\"position\":2,\"name\":\"About us\",\"item\":\"https:\\\/\\\/www.nao.bio\\\/en\\\/about-us\\\/\"},{\"@type\":\"ListItem\",\"position\":3,\"name\":\"Values and commitments\"}]},{\"@type\":\"WebSite\",\"@id\":\"https:\\\/\\\/www.nao.bio\\\/#website\",\"url\":\"https:\\\/\\\/www.nao.bio\\\/\",\"name\":\"Nao\",\"description\":\"Belgian Chocolate certified organic\",\"potentialAction\":[{\"@type\":\"SearchAction\",\"target\":{\"@type\":\"EntryPoint\",\"urlTemplate\":\"https:\\\/\\\/www.nao.bio\\\/?s={search_term_string}\"},\"query-input\":{\"@type\":\"PropertyValueSpecification\",\"valueRequired\":true,\"valueName\":\"search_term_string\"}}],\"inLanguage\":\"en-US\"}]}<\/script>\n<!-- \/ Yoast SEO plugin. -->","yoast_head_json":{"title":"Nao - Values and commitments - Que faisons-nous?","description":"D\u00e9couvrez les divers projets et engagements en termes de responsabilit\u00e9 soci\u00e9tale dans lesquels Nao s'inscrit.","robots":{"index":"index","follow":"follow","max-snippet":"max-snippet:-1","max-image-preview":"max-image-preview:large","max-video-preview":"max-video-preview:-1"},"canonical":"https:\/\/www.nao.bio\/en\/about-us\/values-commitments\/","og_locale":"en_US","og_type":"article","og_title":"Nao - Values and commitments - Que faisons-nous?","og_description":"D\u00e9couvrez les divers projets et engagements en termes de responsabilit\u00e9 soci\u00e9tale dans lesquels Nao s'inscrit.","og_url":"https:\/\/www.nao.bio\/en\/about-us\/values-commitments\/","og_site_name":"Nao","article_modified_time":"2024-03-28T11:10:59+00:00","twitter_card":"summary_large_image","twitter_misc":{"Est. reading time":"4 minutes"},"schema":{"@context":"https:\/\/schema.org","@graph":[{"@type":"WebPage","@id":"https:\/\/www.nao.bio\/en\/about-us\/values-commitments\/","url":"https:\/\/www.nao.bio\/en\/about-us\/values-commitments\/","name":"Nao - Values and commitments - Que faisons-nous?","isPartOf":{"@id":"https:\/\/www.nao.bio\/#website"},"datePublished":"2022-02-17T08:10:01+00:00","dateModified":"2024-03-28T11:10:59+00:00","description":"D\u00e9couvrez les divers projets et engagements en termes de responsabilit\u00e9 soci\u00e9tale dans lesquels Nao s'inscrit.","breadcrumb":{"@id":"https:\/\/www.nao.bio\/en\/about-us\/values-commitments\/#breadcrumb"},"inLanguage":"en-US","potentialAction":[{"@type":"ReadAction","target":["https:\/\/www.nao.bio\/en\/about-us\/values-commitments\/"]}]},{"@type":"BreadcrumbList","@id":"https:\/\/www.nao.bio\/en\/about-us\/values-commitments\/#breadcrumb","itemListElement":[{"@type":"ListItem","position":1,"name":"Home","item":"https:\/\/www.nao.bio\/en\/"},{"@type":"ListItem","position":2,"name":"About us","item":"https:\/\/www.nao.bio\/en\/about-us\/"},{"@type":"ListItem","position":3,"name":"Values and commitments"}]},{"@type":"WebSite","@id":"https:\/\/www.nao.bio\/#website","url":"https:\/\/www.nao.bio\/","name":"Nao","description":"Belgian Chocolate certified organic","potentialAction":[{"@type":"SearchAction","target":{"@type":"EntryPoint","urlTemplate":"https:\/\/www.nao.bio\/?s={search_term_string}"},"query-input":{"@type":"PropertyValueSpecification","valueRequired":true,"valueName":"search_term_string"}}],"inLanguage":"en-US"}]}},"jetpack_sharing_enabled":true,"_links":{"self":[{"href":"https:\/\/www.nao.bio\/en\/wp-json\/wp\/v2\/pages\/7997","targetHints":{"allow":["GET"]}}],"collection":[{"href":"https:\/\/www.nao.bio\/en\/wp-json\/wp\/v2\/pages"}],"about":[{"href":"https:\/\/www.nao.bio\/en\/wp-json\/wp\/v2\/types\/page"}],"author":[{"embeddable":true,"href":"https:\/\/www.nao.bio\/en\/wp-json\/wp\/v2\/users\/2"}],"replies":[{"embeddable":true,"href":"https:\/\/www.nao.bio\/en\/wp-json\/wp\/v2\/comments?post=7997"}],"version-history":[{"count":6,"href":"https:\/\/www.nao.bio\/en\/wp-json\/wp\/v2\/pages\/7997\/revisions"}],"predecessor-version":[{"id":14497,"href":"https:\/\/www.nao.bio\/en\/wp-json\/wp\/v2\/pages\/7997\/revisions\/14497"}],"up":[{"embeddable":true,"href":"https:\/\/www.nao.bio\/en\/wp-json\/wp\/v2\/pages\/772"}],"wp:attachment":[{"href":"https:\/\/www.nao.bio\/en\/wp-json\/wp\/v2\/media?parent=7997"}],"curies":[{"name":"wp","href":"https:\/\/api.w.org\/{rel}","templated":true}]}}